{"id":13657,"date":"2021-03-11T22:53:24","date_gmt":"2021-03-11T22:53:24","guid":{"rendered":"https:\/\/edol.pt\/formacao\/"},"modified":"2022-10-14T12:48:15","modified_gmt":"2022-10-14T12:48:15","slug":"training","status":"publish","type":"page","link":"https:\/\/edol.pt\/en\/training\/","title":{"rendered":"Training"},"content":{"rendered":"<div class=\"wpb-content-wrapper\"><p>[vc_row full_width=&#8221;stretch_row&#8221; kd_image_overlay_color=&#8221;rgba(0,0,0,0.5)&#8221; kd_image_overlay=&#8221;true&#8221; css=&#8221;.vc_custom_1615814837259{padding-top: 260px !important;padding-bottom: 200px !important;background-image: url(http:\/\/edol.pt\/wp-content\/uploads\/2021\/03\/formacao.jpg?id=8180) !important;background-position: center !important;background-repeat: no-repeat !important;background-size: cover !important;}&#8221;][vc_column css=&#8221;.vc_custom_1513003956648{padding-top: 0px !important;}&#8221;][vc_row_inner][vc_column_inner width=&#8221;1\/6&#8243; css=&#8221;.vc_custom_1513004658055{padding-top: 50px !important;padding-left: 0px !important;}&#8221;][\/vc_column_inner][vc_column_inner width=&#8221;2\/3&#8243; css=&#8221;.vc_custom_1513008591637{padding-right: 0px !important;padding-left: 0px !important;}&#8221;]<header class=\"kd-section-title col-lg-12 text-center  kd-animated fadeIn  \" data-animation-delay=200><h1 class=\"separator_off\" style=\"color: #ffffff;font-size: 60px;\">Training<\/h1><\/header>[\/vc_column_inner][vc_column_inner width=&#8221;1\/6&#8243;][\/vc_column_inner][\/vc_row_inner][\/vc_column][\/vc_row][vc_row full_width=&#8221;stretch_row&#8221; parallax=&#8221;content-moving&#8221; css=&#8221;.vc_custom_1611587785913{padding-top: 100px !important;padding-bottom: 45px !important;}&#8221;][vc_column][vc_row_inner gap=&#8221;30&#8243;][vc_column_inner width=&#8221;1\/3&#8243;]<header class=\"kd-section-title col-lg-12 text-center    \" ><h3 class=\"separator_off\" >Continuous formation<\/h3><\/header>[\/vc_column_inner][vc_column_inner width=&#8221;2\/3&#8243;][vc_custom_heading text=&#8221;We value and consider continuous training essential. For this, we develop information, awareness and training actions at all hierarchical levels of the company, thus investing in the competence and accountability of our employees.&#8221; font_container=&#8221;tag:p|font_size:20p|text_align:left|line_height:30px&#8221; use_theme_fonts=&#8221;yes&#8221;][vc_custom_heading text=&#8221;Laborat\u00f3rio Edol organizes promotion and information meetings aimed at health professionals. We are available to transmit the know-how acquired over time, being able to provide training in several languages.&#8221; font_container=&#8221;tag:p|font_size:20px|text_align:left|line_height:30px&#8221; use_theme_fonts=&#8221;yes&#8221;][\/vc_column_inner][\/vc_row_inner][\/vc_column][\/vc_row][vc_row full_width=&#8221;stretch_row&#8221; parallax=&#8221;content-moving&#8221; css=&#8221;.vc_custom_1611587785913{padding-top: 100px !important;padding-bottom: 45px !important;}&#8221;][vc_column][\/vc_column][\/vc_row][vc_row full_width=&#8221;stretch_row&#8221; disable_element=&#8221;yes&#8221;][vc_column][vc_row_inner css=&#8221;.vc_custom_1511348417220{padding-top: 100px !important;padding-bottom: 100px !important;}&#8221;][vc_column_inner width=&#8221;1\/4&#8243;][\/vc_column_inner][vc_column_inner width=&#8221;1\/2&#8243;]<header class=\"kd-section-title col-lg-12 text-center  kd-animated fadeIn   vc_custom_1541678490519\" data-animation-delay=200><h2 class=\"separator_off\" >Ekko is a fully packed practical tool of premium built and design!<\/h2><\/header><a  href=\"#\"  target=\"_self\"  title=\"\" class=\"tt_button tt_primary_button btn_primary_color  button-center button-action-link  kd-animated zoomIn\" data-animation-delay=200><span class=\"prim_text\">Get started<\/span><\/a>[vc_empty_space height=&#8221;25px&#8221;][vc_column_text css_animation=&#8221;fadeIn&#8221;]<\/p>\n<h6 style=\"text-align: center;\"><a href=\"#\">Learn more<\/a> about Ekko&#8217;s unique features.<\/h6>\n<p>[\/vc_column_text][\/vc_column_inner][vc_column_inner width=&#8221;1\/4&#8243;][\/vc_column_inner][\/vc_row_inner][\/vc_column][\/vc_row][vc_row full_width=&#8221;stretch_row&#8221; css=&#8221;.vc_custom_1616969435689{padding-top: 20px !important;padding-bottom: 20px !important;background-color: #f5f5f5 !important;}&#8221;][vc_column css=&#8221;.vc_custom_1540804453180{padding-right: 0px !important;}&#8221;][vc_row_inner css=&#8221;.vc_custom_1511348417220{padding-top: 100px !important;padding-bottom: 100px !important;}&#8221;][vc_column_inner width=&#8221;1\/4&#8243;][\/vc_column_inner][vc_column_inner width=&#8221;1\/2&#8243;]<header class=\"kd-section-title col-lg-12 text-center  kd-animated fadeIn   vc_custom_1665751456514\" data-animation-delay=200><h2 class=\"separator_off\" >Have any doubts?<\/h2><h6 class=\"subtitle \" >If you have any queries, talk to us.<\/h6><\/header><a  href=\"https:\/\/edol.pt\/en\/contacts\"  target=\"_self\"  title=\"\" class=\"tt_button tt_primary_button btn_primary_color  button-center button-action-link  kd-animated zoomIn\" data-animation-delay=200><span class=\"prim_text\">Contact us<\/span><\/a>[vc_empty_space height=&#8221;25px&#8221;][\/vc_column_inner][vc_column_inner width=&#8221;1\/4&#8243;][\/vc_column_inner][\/vc_row_inner][\/vc_column][\/vc_row]<\/p>\n<\/div>","protected":false},"excerpt":{"rendered":"<p>[vc_row full_width=&#8221;stretch_row&#8221; kd_image_overlay_color=&#8221;rgba(0,0,0,0.5)&#8221; kd_image_overlay=&#8221;true&#8221; css=&#8221;.vc_custom_1615814837259{padding-top: 260px !important;padding-bottom: 200px !important;background-image: url(http:\/\/edol.pt\/wp-content\/uploads\/2021\/03\/formacao.jpg?id=8180) !important;background-position: center !important;background-repeat: no-repeat !important;background-size: [&hellip;]<\/p>\n","protected":false},"author":1,"featured_media":0,"parent":0,"menu_order":0,"comment_status":"closed","ping_status":"closed","template":"","meta":{"footnotes":""},"class_list":["post-13657","page","type-page","status-publish","hentry"],"yoast_head":"<!-- This site is optimized with the Yoast SEO plugin v24.5 - https:\/\/yoast.com\/wordpress\/plugins\/seo\/ -->\n<title>A nossa Forma\u00e7\u00e3o cont\u00edniua \u00e9 uma das nossas mais valias.<\/title>\n<meta name=\"description\" content=\"Valorizamos e consideramos essencial a forma\u00e7\u00e3o cont\u00ednua. Para isso, desenvolvemos a\u00e7\u00f5es de informa\u00e7\u00e3o, sensibiliza\u00e7\u00e3o. Saba mais.\" \/>\n<meta name=\"robots\" content=\"index, follow, max-snippet:-1, max-image-preview:large, max-video-preview:-1\" \/>\n<link rel=\"canonical\" href=\"https:\/\/edol.pt\/en\/training\/\" \/>\n<meta property=\"og:locale\" content=\"en_US\" \/>\n<meta property=\"og:type\" content=\"article\" \/>\n<meta property=\"og:title\" content=\"A nossa Forma\u00e7\u00e3o cont\u00edniua \u00e9 uma das nossas mais valias.\" \/>\n<meta property=\"og:description\" content=\"Valorizamos e consideramos essencial a forma\u00e7\u00e3o cont\u00ednua. Para isso, desenvolvemos a\u00e7\u00f5es de informa\u00e7\u00e3o, sensibiliza\u00e7\u00e3o. Saba mais.\" \/>\n<meta property=\"og:url\" content=\"https:\/\/edol.pt\/en\/training\/\" \/>\n<meta property=\"og:site_name\" content=\"Edol\" \/>\n<meta property=\"article:publisher\" content=\"https:\/\/www.facebook.com\/laboratorioedol\/\" \/>\n<meta property=\"article:modified_time\" content=\"2022-10-14T12:48:15+00:00\" \/>\n<meta property=\"og:image\" content=\"https:\/\/edol.pt\/wp-content\/uploads\/2021\/03\/logo-edol-2007.png\" \/>\n\t<meta property=\"og:image:width\" content=\"3759\" \/>\n\t<meta property=\"og:image:height\" content=\"2500\" \/>\n\t<meta property=\"og:image:type\" content=\"image\/png\" \/>\n<meta name=\"twitter:card\" content=\"summary_large_image\" \/>\n<meta name=\"twitter:label1\" content=\"Est. reading time\" \/>\n\t<meta name=\"twitter:data1\" content=\"2 minutes\" \/>\n<script type=\"application\/ld+json\" class=\"yoast-schema-graph\">{\"@context\":\"https:\/\/schema.org\",\"@graph\":[{\"@type\":\"WebPage\",\"@id\":\"https:\/\/edol.pt\/en\/training\/\",\"url\":\"https:\/\/edol.pt\/en\/training\/\",\"name\":\"A nossa Forma\u00e7\u00e3o cont\u00edniua \u00e9 uma das nossas mais valias.\",\"isPartOf\":{\"@id\":\"https:\/\/edol.pt\/en\/#website\"},\"datePublished\":\"2021-03-11T22:53:24+00:00\",\"dateModified\":\"2022-10-14T12:48:15+00:00\",\"description\":\"Valorizamos e consideramos essencial a forma\u00e7\u00e3o cont\u00ednua. Para isso, desenvolvemos a\u00e7\u00f5es de informa\u00e7\u00e3o, sensibiliza\u00e7\u00e3o. Saba mais.\",\"breadcrumb\":{\"@id\":\"https:\/\/edol.pt\/en\/training\/#breadcrumb\"},\"inLanguage\":\"en-US\",\"potentialAction\":[{\"@type\":\"ReadAction\",\"target\":[\"https:\/\/edol.pt\/en\/training\/\"]}]},{\"@type\":\"BreadcrumbList\",\"@id\":\"https:\/\/edol.pt\/en\/training\/#breadcrumb\",\"itemListElement\":[{\"@type\":\"ListItem\",\"position\":1,\"name\":\"In\u00edcio\",\"item\":\"https:\/\/edol.pt\/en\/\"},{\"@type\":\"ListItem\",\"position\":2,\"name\":\"Training\"}]},{\"@type\":\"WebSite\",\"@id\":\"https:\/\/edol.pt\/en\/#website\",\"url\":\"https:\/\/edol.pt\/en\/\",\"name\":\"Edol\",\"description\":\"Sa\u00fade que se v\u00ea\",\"publisher\":{\"@id\":\"https:\/\/edol.pt\/en\/#organization\"},\"potentialAction\":[{\"@type\":\"SearchAction\",\"target\":{\"@type\":\"EntryPoint\",\"urlTemplate\":\"https:\/\/edol.pt\/en\/?s={search_term_string}\"},\"query-input\":{\"@type\":\"PropertyValueSpecification\",\"valueRequired\":true,\"valueName\":\"search_term_string\"}}],\"inLanguage\":\"en-US\"},{\"@type\":\"Organization\",\"@id\":\"https:\/\/edol.pt\/en\/#organization\",\"name\":\"Laborat\u00f3rio Edol\",\"url\":\"https:\/\/edol.pt\/en\/\",\"logo\":{\"@type\":\"ImageObject\",\"inLanguage\":\"en-US\",\"@id\":\"https:\/\/edol.pt\/en\/#\/schema\/logo\/image\/\",\"url\":\"https:\/\/edol.pt\/wp-content\/uploads\/2021\/04\/edol_logo.svg\",\"contentUrl\":\"https:\/\/edol.pt\/wp-content\/uploads\/2021\/04\/edol_logo.svg\",\"width\":1,\"height\":1,\"caption\":\"Laborat\u00f3rio Edol\"},\"image\":{\"@id\":\"https:\/\/edol.pt\/en\/#\/schema\/logo\/image\/\"},\"sameAs\":[\"https:\/\/www.facebook.com\/laboratorioedol\/\",\"https:\/\/www.linkedin.com\/company\/edol\/about\/\"]}]}<\/script>\n<!-- \/ Yoast SEO plugin. -->","yoast_head_json":{"title":"A nossa Forma\u00e7\u00e3o cont\u00edniua \u00e9 uma das nossas mais valias.","description":"Valorizamos e consideramos essencial a forma\u00e7\u00e3o cont\u00ednua. Para isso, desenvolvemos a\u00e7\u00f5es de informa\u00e7\u00e3o, sensibiliza\u00e7\u00e3o. Saba mais.","robots":{"index":"index","follow":"follow","max-snippet":"max-snippet:-1","max-image-preview":"max-image-preview:large","max-video-preview":"max-video-preview:-1"},"canonical":"https:\/\/edol.pt\/en\/training\/","og_locale":"en_US","og_type":"article","og_title":"A nossa Forma\u00e7\u00e3o cont\u00edniua \u00e9 uma das nossas mais valias.","og_description":"Valorizamos e consideramos essencial a forma\u00e7\u00e3o cont\u00ednua. Para isso, desenvolvemos a\u00e7\u00f5es de informa\u00e7\u00e3o, sensibiliza\u00e7\u00e3o. Saba mais.","og_url":"https:\/\/edol.pt\/en\/training\/","og_site_name":"Edol","article_publisher":"https:\/\/www.facebook.com\/laboratorioedol\/","article_modified_time":"2022-10-14T12:48:15+00:00","og_image":[{"width":3759,"height":2500,"url":"https:\/\/edol.pt\/wp-content\/uploads\/2021\/03\/logo-edol-2007.png","type":"image\/png"}],"twitter_card":"summary_large_image","twitter_misc":{"Est. reading time":"2 minutes"},"schema":{"@context":"https:\/\/schema.org","@graph":[{"@type":"WebPage","@id":"https:\/\/edol.pt\/en\/training\/","url":"https:\/\/edol.pt\/en\/training\/","name":"A nossa Forma\u00e7\u00e3o cont\u00edniua \u00e9 uma das nossas mais valias.","isPartOf":{"@id":"https:\/\/edol.pt\/en\/#website"},"datePublished":"2021-03-11T22:53:24+00:00","dateModified":"2022-10-14T12:48:15+00:00","description":"Valorizamos e consideramos essencial a forma\u00e7\u00e3o cont\u00ednua. Para isso, desenvolvemos a\u00e7\u00f5es de informa\u00e7\u00e3o, sensibiliza\u00e7\u00e3o. Saba mais.","breadcrumb":{"@id":"https:\/\/edol.pt\/en\/training\/#breadcrumb"},"inLanguage":"en-US","potentialAction":[{"@type":"ReadAction","target":["https:\/\/edol.pt\/en\/training\/"]}]},{"@type":"BreadcrumbList","@id":"https:\/\/edol.pt\/en\/training\/#breadcrumb","itemListElement":[{"@type":"ListItem","position":1,"name":"In\u00edcio","item":"https:\/\/edol.pt\/en\/"},{"@type":"ListItem","position":2,"name":"Training"}]},{"@type":"WebSite","@id":"https:\/\/edol.pt\/en\/#website","url":"https:\/\/edol.pt\/en\/","name":"Edol","description":"Sa\u00fade que se v\u00ea","publisher":{"@id":"https:\/\/edol.pt\/en\/#organization"},"potentialAction":[{"@type":"SearchAction","target":{"@type":"EntryPoint","urlTemplate":"https:\/\/edol.pt\/en\/?s={search_term_string}"},"query-input":{"@type":"PropertyValueSpecification","valueRequired":true,"valueName":"search_term_string"}}],"inLanguage":"en-US"},{"@type":"Organization","@id":"https:\/\/edol.pt\/en\/#organization","name":"Laborat\u00f3rio Edol","url":"https:\/\/edol.pt\/en\/","logo":{"@type":"ImageObject","inLanguage":"en-US","@id":"https:\/\/edol.pt\/en\/#\/schema\/logo\/image\/","url":"https:\/\/edol.pt\/wp-content\/uploads\/2021\/04\/edol_logo.svg","contentUrl":"https:\/\/edol.pt\/wp-content\/uploads\/2021\/04\/edol_logo.svg","width":1,"height":1,"caption":"Laborat\u00f3rio Edol"},"image":{"@id":"https:\/\/edol.pt\/en\/#\/schema\/logo\/image\/"},"sameAs":["https:\/\/www.facebook.com\/laboratorioedol\/","https:\/\/www.linkedin.com\/company\/edol\/about\/"]}]}},"_links":{"self":[{"href":"https:\/\/edol.pt\/en\/wp-json\/wp\/v2\/pages\/13657","targetHints":{"allow":["GET"]}}],"collection":[{"href":"https:\/\/edol.pt\/en\/wp-json\/wp\/v2\/pages"}],"about":[{"href":"https:\/\/edol.pt\/en\/wp-json\/wp\/v2\/types\/page"}],"author":[{"embeddable":true,"href":"https:\/\/edol.pt\/en\/wp-json\/wp\/v2\/users\/1"}],"replies":[{"embeddable":true,"href":"https:\/\/edol.pt\/en\/wp-json\/wp\/v2\/comments?post=13657"}],"version-history":[{"count":0,"href":"https:\/\/edol.pt\/en\/wp-json\/wp\/v2\/pages\/13657\/revisions"}],"wp:attachment":[{"href":"https:\/\/edol.pt\/en\/wp-json\/wp\/v2\/media?parent=13657"}],"curies":[{"name":"wp","href":"https:\/\/api.w.org\/{rel}","templated":true}]}}