{"id":11019,"date":"2018-10-22T13:48:34","date_gmt":"2018-10-22T13:48:34","guid":{"rendered":"https:\/\/edol.pt\/contactos\/"},"modified":"2023-11-16T14:21:43","modified_gmt":"2023-11-16T14:21:43","slug":"contacts","status":"publish","type":"page","link":"https:\/\/edol.pt\/en\/contacts\/","title":{"rendered":"Contacts"},"content":{"rendered":"<div class=\"wpb-content-wrapper\"><p>[vc_row full_width=&#8221;stretch_row&#8221; css=&#8221;.vc_custom_1551194501704{background-color: #ffffff !important;}&#8221;][vc_column css=&#8221;.vc_custom_1516095762744{padding-right: 0px !important;padding-left: 0px !important;}&#8221;][vc_row_inner css=&#8221;.vc_custom_1551194508197{padding-top: 100px !important;padding-bottom: 73px !important;}&#8221;][vc_column_inner width=&#8221;1\/2&#8243; css=&#8221;.vc_custom_1613732316571{padding-top: 0px !important;padding-right: 70px !important;padding-left: 100px !important;}&#8221;][vc_column_text css=&#8221;.vc_custom_1631226315464{padding-bottom: 15px !important;}&#8221;]<\/p>\n<p class=\"p1\">Have any doubts? If you have any queries, talk to us. Call us or fill out the form and we will contact you as soon as possible.<\/p>\n<p>[\/vc_column_text][vc_column_text css=&#8221;.vc_custom_1631226280106{padding-bottom: 15px !important;}&#8221;]<\/p>\n<h6><strong>Offices<\/strong><br \/>\nRua Casal do Canas, 6<br \/>\n2790-204 Carnaxide, Portugal<\/h6>\n<p>[\/vc_column_text][vc_column_text css=&#8221;.vc_custom_1631226292141{padding-bottom: 15px !important;}&#8221;]<\/p>\n<h6><strong> Factory <\/strong><br \/>\nAvenida 25 de Abril 6-6A,<br \/>\n2795-225 Linda-a-Velha \u2013 Portugal<\/h6>\n<p>[\/vc_column_text][vc_column_text css=&#8221;.vc_custom_1613732451027{padding-bottom: 15px !important;}&#8221;]<\/p>\n<h6>geral@edol.pt<br \/>\n+351 21 415 81 30<\/h6>\n<p>[\/vc_column_text][\/vc_column_inner][vc_column_inner width=&#8221;1\/2&#8243; css=&#8221;.vc_custom_1515497653772{padding-right: 80px !important;padding-left: 50px !important;}&#8221;][\/vc_column_inner][\/vc_row_inner][\/vc_column][\/vc_row][vc_row full_width=&#8221;stretch_row_content_no_spaces&#8221;][vc_column]<script>\r\n\r\n                    function initKdMap_kd69e1882855997() {\r\n                      var map_kd69e1882855997;\r\n        \t\t\t\t\t\t\tvar gmap_location_kd69e1882855997 = new google.maps.LatLng(38.730500, -9.224267);\r\n        \t\t\t\t\t\t\tvar GMAP_MODULE_kd69e1882855997 = \"customMap\";\r\n      \t\t\t\t\t\t\t\tvar featureOpts = [\r\n      \t\t\t\t\t\t\t\t\t\t\t{\r\n      \t\t\t\t\t\t\t\t\t\t\t  stylers: [\r\n      \t\t\t\t\t\t\t\t\t\t\t\t{ \"visibility\": \"on\" },\r\n      \t\t\t\t\t\t\t\t\t\t\t\t{ \"weight\": 1 },\r\n      \t\t\t\t\t\t\t\t\t\t\t\t{ \"saturation\": -100 },\r\n      \t\t\t\t\t\t\t\t\t\t\t\t{ \"lightness\": 2.2 },\r\n      \t\t\t\t\t\t\t\t\t\t\t\t{ \"gamma\": 2.2 }\r\n      \t\t\t\t\t\t\t\t\t\t\t  ]\r\n      \t\t\t\t\t\t\t\t\t\t\t}, {\r\n                                featureType: \"poi\",\r\n                                stylers: [\r\n                                  { \"visibility\": \"off\" }\r\n                                ]\r\n                              }\r\n      \t\t\t\t\t\t\t\t\t\t];\r\n      \t\t\t\t\t\t\t\tvar mapOptions = {\r\n      \t\t\t\t\t\t\t\t\tzoom: 15,\r\n      \t\t\t\t\t\t\t\t\tcenter: gmap_location_kd69e1882855997,\r\n                        scrollwheel: false,\r\n      \t\t\t\t\t\t\t\t\tmapTypeControlOptions: {\r\n      \t\t\t\t\t\t\t\t\t\tmapTypeIds: [google.maps.MapTypeId.ROADMAP, GMAP_MODULE_kd69e1882855997]\r\n      \t\t\t\t\t\t\t\t\t},\r\n      \t\t\t\t\t\t\t\t\tmapTypeId: GMAP_MODULE_kd69e1882855997\r\n      \t\t\t\t\t\t\t\t};\r\n      \t\t\t\t\t\t\t\tmap_kd69e1882855997 = new google.maps.Map(document.getElementById(\"kd69e1882855997\"), mapOptions);\r\n      \t\t\t\t\t\t\t\tmarker_kd69e1882855997 = new google.maps.Marker({\r\n      \t\t\t\t\t\t\t\t\tmap: map_kd69e1882855997,\r\n      \t\t\t\t\t\t\t\t\tdraggable: false,\r\n      \t\t\t\t\t\t\t\t\tanimation: google.maps.Animation.DROP,\r\n      \t\t\t\t\t\t\t\t\tposition: gmap_location_kd69e1882855997,\r\n      \t\t\t\t\t\t\t\t\ticon: \"\/wp-content\/uploads\/2021\/03\/edol-mapa-marcador_v2.png\"\r\n      \t\t\t\t\t\t\t\t  });\r\n      \t\t\t\t\t\t\t\tgoogle.maps.event.addListener(marker_kd69e1882855997, \"click\", function() {\r\n      \t\t\t\t\t\t\t\t\tif (marker_kd69e1882855997.getAnimation() != null) {\r\n      \t\t\t\t\t\t\t\t\t\tmarker_kd69e1882855997.setAnimation(null);\r\n      \t\t\t\t\t\t\t\t\t} else {\r\n      \t\t\t\t\t\t\t\t\t\tmarker_kd69e1882855997.setAnimation(google.maps.Animation.BOUNCE);\r\n      \t\t\t\t\t\t\t\t\t}\r\n      \t\t\t\t\t\t\t\t});\r\n      \t\t\t\t\t\t\t\tvar styledMapOptions = {\r\n      \t\t\t\t\t\t\t\t\tname: \"Edol Mapa\"\r\n      \t\t\t\t\t\t\t\t};\r\n      \t\t\t\t\t\t\t\tvar customMapType_kd69e1882855997 = new google.maps.StyledMapType(featureOpts, styledMapOptions);\r\n      \t\t\t\t\t\t\t\tmap_kd69e1882855997.mapTypes.set(GMAP_MODULE_kd69e1882855997, customMapType_kd69e1882855997);\r\n                      }\r\n                      jQuery(window).on(\"load\", function() {\r\n                        initKdMap_kd69e1882855997();\r\n                      });\r\n      \t\t\t\t\t\t<\/script><div class=\"contact-map-container left_info_panel\" style=\"height: 560px;\"><div class=\"business-info-wrapper\">\r\n                        <span class=\"fas fa-times toggle-map-info\"><\/span>\r\n                        <div class=\"business-info-header\"><h4>Escrit\u00f3rios Edol<\/h4><address><span class=\"business-address-row\"><i class=\"fas fa-map-marker-alt\"><\/i><span class=\"address-overflow\">Rua Casal do Canas, n\u00ba6, 2790-204 \u2022 Carnaxide \u2022 PORTUGAL<\/span><\/span><span class=\"business-phone-row\"><i class=\"fas fa-phone-alt\"><\/i><a href=\"tel:+351214158130\">+351 21 415 81 30<\/a><\/span><span class=\"business-email-row\"><i class=\"far fa-envelope\"><\/i><a href=\"mailto:geral@edol.pt\">geral@edol.pt<\/a><\/span><\/address>\r\n                        <\/div>\r\n                        <div class=\"business-info-schedule\">\r\n                            <h4>Aberto<\/h4><div class=\"business-info-day\"><span class=\"business-info-day-name\">2\u00aa a 6\u00aa feira<\/span><span class=\"business-info-day-hours\">8:45 - 17:30<\/span><\/div><div class=\"business-info-day\"><span class=\"business-info-day-name\">S\u00e1bado<\/span><span class=\"business-info-day-hours\">Fechado<\/span><\/div><div class=\"business-info-day\"><span class=\"business-info-day-name\">Domingo<\/span><span class=\"business-info-day-hours\">Fechado<\/span><\/div><\/div>\r\n                    <\/div><div id=\"kd69e1882855997\" class=\"kd_map\" style=\"height: 560px;\"><\/div>\r\n\r\n            <\/div>[\/vc_column][\/vc_row]<\/p>\n<\/div>","protected":false},"excerpt":{"rendered":"<p>[vc_row full_width=&#8221;stretch_row&#8221; css=&#8221;.vc_custom_1551194501704{background-color: #ffffff !important;}&#8221;][vc_column css=&#8221;.vc_custom_1516095762744{padding-right: 0px !important;padding-left: 0px !important;}&#8221;][vc_row_inner css=&#8221;.vc_custom_1551194508197{padding-top: 100px !important;padding-bottom: 73px !important;}&#8221;][vc_column_inner [&hellip;]<\/p>\n","protected":false},"author":1,"featured_media":0,"parent":0,"menu_order":0,"comment_status":"closed","ping_status":"closed","template":"","meta":{"footnotes":""},"class_list":["post-11019","page","type-page","status-publish","hentry"],"yoast_head":"<!-- This site is optimized with the Yoast SEO plugin v24.5 - https:\/\/yoast.com\/wordpress\/plugins\/seo\/ -->\n<title>Contactos Escrit\u00f3rios e F\u00e1brica do Laborat\u00f3rio Edol<\/title>\n<meta name=\"description\" content=\"Aqui poder\u00e1 encontrar os contactos dos nossos Escrit\u00f3rios e da nossa F\u00e1brica. Em caso de d\u00favida ligue-nos ou preencha o formul\u00e1rio.\" \/>\n<meta name=\"robots\" content=\"index, follow, max-snippet:-1, max-image-preview:large, max-video-preview:-1\" \/>\n<link rel=\"canonical\" href=\"https:\/\/edol.pt\/en\/contacts\/\" \/>\n<meta property=\"og:locale\" content=\"en_US\" \/>\n<meta property=\"og:type\" content=\"article\" \/>\n<meta property=\"og:title\" content=\"Contactos Escrit\u00f3rios e F\u00e1brica do Laborat\u00f3rio Edol\" \/>\n<meta property=\"og:description\" content=\"Aqui poder\u00e1 encontrar os contactos dos nossos Escrit\u00f3rios e da nossa F\u00e1brica. Em caso de d\u00favida ligue-nos ou preencha o formul\u00e1rio.\" \/>\n<meta property=\"og:url\" content=\"https:\/\/edol.pt\/en\/contacts\/\" \/>\n<meta property=\"og:site_name\" content=\"Edol\" \/>\n<meta property=\"article:publisher\" content=\"https:\/\/www.facebook.com\/laboratorioedol\/\" \/>\n<meta property=\"article:modified_time\" content=\"2023-11-16T14:21:43+00:00\" \/>\n<meta property=\"og:image\" content=\"https:\/\/edol.pt\/wp-content\/uploads\/2021\/03\/logo-edol-2007.png\" \/>\n\t<meta property=\"og:image:width\" content=\"3759\" \/>\n\t<meta property=\"og:image:height\" content=\"2500\" \/>\n\t<meta property=\"og:image:type\" content=\"image\/png\" \/>\n<meta name=\"twitter:card\" content=\"summary_large_image\" \/>\n<meta name=\"twitter:label1\" content=\"Est. reading time\" \/>\n\t<meta name=\"twitter:data1\" content=\"1 minute\" \/>\n<script type=\"application\/ld+json\" class=\"yoast-schema-graph\">{\"@context\":\"https:\/\/schema.org\",\"@graph\":[{\"@type\":\"WebPage\",\"@id\":\"https:\/\/edol.pt\/en\/contacts\/\",\"url\":\"https:\/\/edol.pt\/en\/contacts\/\",\"name\":\"Contactos Escrit\u00f3rios e F\u00e1brica do Laborat\u00f3rio Edol\",\"isPartOf\":{\"@id\":\"https:\/\/edol.pt\/en\/#website\"},\"datePublished\":\"2018-10-22T13:48:34+00:00\",\"dateModified\":\"2023-11-16T14:21:43+00:00\",\"description\":\"Aqui poder\u00e1 encontrar os contactos dos nossos Escrit\u00f3rios e da nossa F\u00e1brica. Em caso de d\u00favida ligue-nos ou preencha o formul\u00e1rio.\",\"breadcrumb\":{\"@id\":\"https:\/\/edol.pt\/en\/contacts\/#breadcrumb\"},\"inLanguage\":\"en-US\",\"potentialAction\":[{\"@type\":\"ReadAction\",\"target\":[\"https:\/\/edol.pt\/en\/contacts\/\"]}]},{\"@type\":\"BreadcrumbList\",\"@id\":\"https:\/\/edol.pt\/en\/contacts\/#breadcrumb\",\"itemListElement\":[{\"@type\":\"ListItem\",\"position\":1,\"name\":\"In\u00edcio\",\"item\":\"https:\/\/edol.pt\/en\/\"},{\"@type\":\"ListItem\",\"position\":2,\"name\":\"Contacts\"}]},{\"@type\":\"WebSite\",\"@id\":\"https:\/\/edol.pt\/en\/#website\",\"url\":\"https:\/\/edol.pt\/en\/\",\"name\":\"Edol\",\"description\":\"Sa\u00fade que se v\u00ea\",\"publisher\":{\"@id\":\"https:\/\/edol.pt\/en\/#organization\"},\"potentialAction\":[{\"@type\":\"SearchAction\",\"target\":{\"@type\":\"EntryPoint\",\"urlTemplate\":\"https:\/\/edol.pt\/en\/?s={search_term_string}\"},\"query-input\":{\"@type\":\"PropertyValueSpecification\",\"valueRequired\":true,\"valueName\":\"search_term_string\"}}],\"inLanguage\":\"en-US\"},{\"@type\":\"Organization\",\"@id\":\"https:\/\/edol.pt\/en\/#organization\",\"name\":\"Laborat\u00f3rio Edol\",\"url\":\"https:\/\/edol.pt\/en\/\",\"logo\":{\"@type\":\"ImageObject\",\"inLanguage\":\"en-US\",\"@id\":\"https:\/\/edol.pt\/en\/#\/schema\/logo\/image\/\",\"url\":\"https:\/\/edol.pt\/wp-content\/uploads\/2021\/04\/edol_logo.svg\",\"contentUrl\":\"https:\/\/edol.pt\/wp-content\/uploads\/2021\/04\/edol_logo.svg\",\"width\":1,\"height\":1,\"caption\":\"Laborat\u00f3rio Edol\"},\"image\":{\"@id\":\"https:\/\/edol.pt\/en\/#\/schema\/logo\/image\/\"},\"sameAs\":[\"https:\/\/www.facebook.com\/laboratorioedol\/\",\"https:\/\/www.linkedin.com\/company\/edol\/about\/\"]}]}<\/script>\n<!-- \/ Yoast SEO plugin. -->","yoast_head_json":{"title":"Contactos Escrit\u00f3rios e F\u00e1brica do Laborat\u00f3rio Edol","description":"Aqui poder\u00e1 encontrar os contactos dos nossos Escrit\u00f3rios e da nossa F\u00e1brica. Em caso de d\u00favida ligue-nos ou preencha o formul\u00e1rio.","robots":{"index":"index","follow":"follow","max-snippet":"max-snippet:-1","max-image-preview":"max-image-preview:large","max-video-preview":"max-video-preview:-1"},"canonical":"https:\/\/edol.pt\/en\/contacts\/","og_locale":"en_US","og_type":"article","og_title":"Contactos Escrit\u00f3rios e F\u00e1brica do Laborat\u00f3rio Edol","og_description":"Aqui poder\u00e1 encontrar os contactos dos nossos Escrit\u00f3rios e da nossa F\u00e1brica. Em caso de d\u00favida ligue-nos ou preencha o formul\u00e1rio.","og_url":"https:\/\/edol.pt\/en\/contacts\/","og_site_name":"Edol","article_publisher":"https:\/\/www.facebook.com\/laboratorioedol\/","article_modified_time":"2023-11-16T14:21:43+00:00","og_image":[{"width":3759,"height":2500,"url":"https:\/\/edol.pt\/wp-content\/uploads\/2021\/03\/logo-edol-2007.png","type":"image\/png"}],"twitter_card":"summary_large_image","twitter_misc":{"Est. reading time":"1 minute"},"schema":{"@context":"https:\/\/schema.org","@graph":[{"@type":"WebPage","@id":"https:\/\/edol.pt\/en\/contacts\/","url":"https:\/\/edol.pt\/en\/contacts\/","name":"Contactos Escrit\u00f3rios e F\u00e1brica do Laborat\u00f3rio Edol","isPartOf":{"@id":"https:\/\/edol.pt\/en\/#website"},"datePublished":"2018-10-22T13:48:34+00:00","dateModified":"2023-11-16T14:21:43+00:00","description":"Aqui poder\u00e1 encontrar os contactos dos nossos Escrit\u00f3rios e da nossa F\u00e1brica. Em caso de d\u00favida ligue-nos ou preencha o formul\u00e1rio.","breadcrumb":{"@id":"https:\/\/edol.pt\/en\/contacts\/#breadcrumb"},"inLanguage":"en-US","potentialAction":[{"@type":"ReadAction","target":["https:\/\/edol.pt\/en\/contacts\/"]}]},{"@type":"BreadcrumbList","@id":"https:\/\/edol.pt\/en\/contacts\/#breadcrumb","itemListElement":[{"@type":"ListItem","position":1,"name":"In\u00edcio","item":"https:\/\/edol.pt\/en\/"},{"@type":"ListItem","position":2,"name":"Contacts"}]},{"@type":"WebSite","@id":"https:\/\/edol.pt\/en\/#website","url":"https:\/\/edol.pt\/en\/","name":"Edol","description":"Sa\u00fade que se v\u00ea","publisher":{"@id":"https:\/\/edol.pt\/en\/#organization"},"potentialAction":[{"@type":"SearchAction","target":{"@type":"EntryPoint","urlTemplate":"https:\/\/edol.pt\/en\/?s={search_term_string}"},"query-input":{"@type":"PropertyValueSpecification","valueRequired":true,"valueName":"search_term_string"}}],"inLanguage":"en-US"},{"@type":"Organization","@id":"https:\/\/edol.pt\/en\/#organization","name":"Laborat\u00f3rio Edol","url":"https:\/\/edol.pt\/en\/","logo":{"@type":"ImageObject","inLanguage":"en-US","@id":"https:\/\/edol.pt\/en\/#\/schema\/logo\/image\/","url":"https:\/\/edol.pt\/wp-content\/uploads\/2021\/04\/edol_logo.svg","contentUrl":"https:\/\/edol.pt\/wp-content\/uploads\/2021\/04\/edol_logo.svg","width":1,"height":1,"caption":"Laborat\u00f3rio Edol"},"image":{"@id":"https:\/\/edol.pt\/en\/#\/schema\/logo\/image\/"},"sameAs":["https:\/\/www.facebook.com\/laboratorioedol\/","https:\/\/www.linkedin.com\/company\/edol\/about\/"]}]}},"_links":{"self":[{"href":"https:\/\/edol.pt\/en\/wp-json\/wp\/v2\/pages\/11019","targetHints":{"allow":["GET"]}}],"collection":[{"href":"https:\/\/edol.pt\/en\/wp-json\/wp\/v2\/pages"}],"about":[{"href":"https:\/\/edol.pt\/en\/wp-json\/wp\/v2\/types\/page"}],"author":[{"embeddable":true,"href":"https:\/\/edol.pt\/en\/wp-json\/wp\/v2\/users\/1"}],"replies":[{"embeddable":true,"href":"https:\/\/edol.pt\/en\/wp-json\/wp\/v2\/comments?post=11019"}],"version-history":[{"count":0,"href":"https:\/\/edol.pt\/en\/wp-json\/wp\/v2\/pages\/11019\/revisions"}],"wp:attachment":[{"href":"https:\/\/edol.pt\/en\/wp-json\/wp\/v2\/media?parent=11019"}],"curies":[{"name":"wp","href":"https:\/\/api.w.org\/{rel}","templated":true}]}}