{"id":10902,"date":"2021-03-29T00:22:47","date_gmt":"2021-03-29T00:22:47","guid":{"rendered":"https:\/\/edol.pt\/licencing-out\/"},"modified":"2023-10-23T21:52:42","modified_gmt":"2023-10-23T21:52:42","slug":"licencing-out","status":"publish","type":"page","link":"https:\/\/edol.pt\/en\/licencing-out\/","title":{"rendered":"Licencing-out"},"content":{"rendered":"<div class=\"wpb-content-wrapper\"><p>[vc_row full_width=&#8221;stretch_row&#8221; kd_image_overlay_color=&#8221;rgba(0,0,0,0.5)&#8221; kd_image_overlay=&#8221;true&#8221; css=&#8221;.vc_custom_1617022755272{padding-top: 260px !important;padding-bottom: 200px !important;background-image: url(http:\/\/edol.pt\/wp-content\/uploads\/2021\/03\/Licenciamento.jpg?id=8975) !important;background-position: center !important;background-repeat: no-repeat !important;background-size: cover !important;}&#8221;][vc_column css=&#8221;.vc_custom_1513003956648{padding-top: 0px !important;}&#8221;][vc_row_inner][vc_column_inner width=&#8221;1\/6&#8243; css=&#8221;.vc_custom_1513004658055{padding-top: 50px !important;padding-left: 0px !important;}&#8221;][\/vc_column_inner][vc_column_inner width=&#8221;2\/3&#8243; css=&#8221;.vc_custom_1513008591637{padding-right: 0px !important;padding-left: 0px !important;}&#8221;]<header class=\"kd-section-title col-lg-12 text-center  kd-animated fadeIn  \" data-animation-delay=200><h1 class=\"separator_off\" style=\"color: #ffffff;font-size: 60px;\">Licencing-out<\/h1><\/header>[\/vc_column_inner][vc_column_inner width=&#8221;1\/6&#8243;][\/vc_column_inner][\/vc_row_inner][\/vc_column][\/vc_row][vc_row full_width=&#8221;stretch_row&#8221; parallax=&#8221;content-moving&#8221; css=&#8221;.vc_custom_1611587785913{padding-top: 100px !important;padding-bottom: 45px !important;}&#8221;][vc_column][vc_row_inner gap=&#8221;30&#8243;][vc_column_inner width=&#8221;1\/3&#8243;]<header class=\"kd-section-title col-lg-12 text-center    \" ><h3 class=\"separator_off\" > Licencing<\/h3><\/header>[\/vc_column_inner][vc_column_inner width=&#8221;2\/3&#8243;][vc_custom_heading text=&#8221;Since 2005, Laborat\u00f3rio Edol has been investing in internationalization through partnerships with local companies.&#8221; font_container=&#8221;tag:h5|text_align:left&#8221; use_theme_fonts=&#8221;yes&#8221;][vc_custom_heading text=&#8221;Today, we distribute our products on 4 continents &#8211; Europe, Africa, Asia, and Latin America &#8211; thus marking our presence in more than 15 countries.&#8221; font_container=&#8221;tag:h5|text_align:left&#8221; use_theme_fonts=&#8221;yes&#8221;][vc_custom_heading text=&#8221;Although the Laboratory&#8217;s entire production is centralized in Portugal, we are prepared to respond immediately to the needs of international clients and our products are available in several languages.&#8221; font_container=&#8221;tag:h5|text_align:left&#8221; use_theme_fonts=&#8221;yes&#8221;][vc_custom_heading text=&#8221;The Department of Regulatory Affairs and Pharmacovigilance has been strengthened with highly qualified, specialized, and experienced human resources, so we can respond quickly and effectively to the requirements of Local Authorities.&#8221; font_container=&#8221;tag:h5|text_align:left&#8221; use_theme_fonts=&#8221;yes&#8221;][\/vc_column_inner][\/vc_row_inner][\/vc_column][\/vc_row][vc_row full_width=&#8221;stretch_row&#8221; parallax=&#8221;content-moving&#8221; css=&#8221;.vc_custom_1611587785913{padding-top: 100px !important;padding-bottom: 45px !important;}&#8221;][vc_column][\/vc_column][\/vc_row][vc_row full_width=&#8221;stretch_row&#8221; disable_element=&#8221;yes&#8221;][vc_column][vc_row_inner css=&#8221;.vc_custom_1511348417220{padding-top: 100px !important;padding-bottom: 100px !important;}&#8221;][vc_column_inner width=&#8221;1\/4&#8243;][\/vc_column_inner][vc_column_inner width=&#8221;1\/2&#8243;]<header class=\"kd-section-title col-lg-12 text-center  kd-animated fadeIn   vc_custom_1541678490519\" data-animation-delay=200><h2 class=\"separator_off\" >Ekko is a fully packed practical tool of premium built and design!<\/h2><\/header><a  href=\"#\"  target=\"_self\"  title=\"\" class=\"tt_button tt_primary_button btn_primary_color  button-center button-action-link  kd-animated zoomIn\" data-animation-delay=200><span class=\"prim_text\">Get started<\/span><\/a>[vc_empty_space height=&#8221;25px&#8221;][vc_column_text css_animation=&#8221;fadeIn&#8221;]<\/p>\n<h6 style=\"text-align: center;\"><a href=\"#\">Learn more<\/a> about Ekko&#8217;s unique features.<\/h6>\n<p>[\/vc_column_text][\/vc_column_inner][vc_column_inner width=&#8221;1\/4&#8243;][\/vc_column_inner][\/vc_row_inner][\/vc_column][\/vc_row][vc_row full_width=&#8221;stretch_row&#8221; css=&#8221;.vc_custom_1616969435689{padding-top: 20px !important;padding-bottom: 20px !important;background-color: #f5f5f5 !important;}&#8221;][vc_column css=&#8221;.vc_custom_1540804453180{padding-right: 0px !important;}&#8221;][vc_row_inner css=&#8221;.vc_custom_1511348417220{padding-top: 100px !important;padding-bottom: 100px !important;}&#8221;][vc_column_inner width=&#8221;1\/4&#8243;][\/vc_column_inner][vc_column_inner width=&#8221;1\/2&#8243;]<header class=\"kd-section-title col-lg-12 text-center  kd-animated fadeIn   vc_custom_1628719894044\" data-animation-delay=200><h2 class=\"separator_off\" >Talk to us<\/h2><h6 class=\"subtitle \" >We are on the lookout for new business opportunities and available for new partnerships.<\/h6><\/header><a  href=\"http:\/\/edol.pt\/contactos\/\"  target=\"_self\"  title=\"Controle e Garantia da Qualidade\" class=\"tt_button tt_primary_button btn_primary_color  button-center button-action-link  kd-animated zoomIn\" data-animation-delay=200><span class=\"prim_text\">Contact us<\/span><\/a>[vc_empty_space height=&#8221;25px&#8221;][\/vc_column_inner][vc_column_inner width=&#8221;1\/4&#8243;][\/vc_column_inner][\/vc_row_inner][\/vc_column][\/vc_row]<\/p>\n<\/div>","protected":false},"excerpt":{"rendered":"<p>[vc_row full_width=&#8221;stretch_row&#8221; kd_image_overlay_color=&#8221;rgba(0,0,0,0.5)&#8221; kd_image_overlay=&#8221;true&#8221; css=&#8221;.vc_custom_1617022755272{padding-top: 260px !important;padding-bottom: 200px !important;background-image: url(http:\/\/edol.pt\/wp-content\/uploads\/2021\/03\/Licenciamento.jpg?id=8975) !important;background-position: center !important;background-repeat: no-repeat !important;background-size: [&hellip;]<\/p>\n","protected":false},"author":1,"featured_media":0,"parent":0,"menu_order":0,"comment_status":"closed","ping_status":"closed","template":"","meta":{"footnotes":""},"class_list":["post-10902","page","type-page","status-publish","hentry"],"yoast_head":"<!-- This site is optimized with the Yoast SEO plugin v24.5 - https:\/\/yoast.com\/wordpress\/plugins\/seo\/ -->\n<title>Licencing-out. O Laborat\u00f3rio Edol a apostar na internacionaliza\u00e7\u00e3o.<\/title>\n<meta name=\"description\" content=\"Licencing-out. O Laborat\u00f3rio Edol tem vindo, desde 2005, a apostar na internacionaliza\u00e7\u00e3o atrav\u00e9s de parcerias com empresas locais.\" \/>\n<meta name=\"robots\" content=\"index, follow, max-snippet:-1, max-image-preview:large, max-video-preview:-1\" \/>\n<link rel=\"canonical\" href=\"https:\/\/edol.pt\/en\/licencing-out\/\" \/>\n<meta property=\"og:locale\" content=\"en_US\" \/>\n<meta property=\"og:type\" content=\"article\" \/>\n<meta property=\"og:title\" content=\"Licencing-out. O Laborat\u00f3rio Edol a apostar na internacionaliza\u00e7\u00e3o.\" \/>\n<meta property=\"og:description\" content=\"Licencing-out. O Laborat\u00f3rio Edol tem vindo, desde 2005, a apostar na internacionaliza\u00e7\u00e3o atrav\u00e9s de parcerias com empresas locais.\" \/>\n<meta property=\"og:url\" content=\"https:\/\/edol.pt\/en\/licencing-out\/\" \/>\n<meta property=\"og:site_name\" content=\"Edol\" \/>\n<meta property=\"article:publisher\" content=\"https:\/\/www.facebook.com\/laboratorioedol\/\" \/>\n<meta property=\"article:modified_time\" content=\"2023-10-23T21:52:42+00:00\" \/>\n<meta property=\"og:image\" content=\"https:\/\/edol.pt\/wp-content\/uploads\/2021\/03\/logo-edol-2007.png\" \/>\n\t<meta property=\"og:image:width\" content=\"3759\" \/>\n\t<meta property=\"og:image:height\" content=\"2500\" \/>\n\t<meta property=\"og:image:type\" content=\"image\/png\" \/>\n<meta name=\"twitter:card\" content=\"summary_large_image\" \/>\n<meta name=\"twitter:label1\" content=\"Est. reading time\" \/>\n\t<meta name=\"twitter:data1\" content=\"2 minutes\" \/>\n<script type=\"application\/ld+json\" class=\"yoast-schema-graph\">{\"@context\":\"https:\/\/schema.org\",\"@graph\":[{\"@type\":\"WebPage\",\"@id\":\"https:\/\/edol.pt\/en\/licencing-out\/\",\"url\":\"https:\/\/edol.pt\/en\/licencing-out\/\",\"name\":\"Licencing-out. O Laborat\u00f3rio Edol a apostar na internacionaliza\u00e7\u00e3o.\",\"isPartOf\":{\"@id\":\"https:\/\/edol.pt\/en\/#website\"},\"datePublished\":\"2021-03-29T00:22:47+00:00\",\"dateModified\":\"2023-10-23T21:52:42+00:00\",\"description\":\"Licencing-out. O Laborat\u00f3rio Edol tem vindo, desde 2005, a apostar na internacionaliza\u00e7\u00e3o atrav\u00e9s de parcerias com empresas locais.\",\"breadcrumb\":{\"@id\":\"https:\/\/edol.pt\/en\/licencing-out\/#breadcrumb\"},\"inLanguage\":\"en-US\",\"potentialAction\":[{\"@type\":\"ReadAction\",\"target\":[\"https:\/\/edol.pt\/en\/licencing-out\/\"]}]},{\"@type\":\"BreadcrumbList\",\"@id\":\"https:\/\/edol.pt\/en\/licencing-out\/#breadcrumb\",\"itemListElement\":[{\"@type\":\"ListItem\",\"position\":1,\"name\":\"In\u00edcio\",\"item\":\"https:\/\/edol.pt\/en\/\"},{\"@type\":\"ListItem\",\"position\":2,\"name\":\"Licencing-out\"}]},{\"@type\":\"WebSite\",\"@id\":\"https:\/\/edol.pt\/en\/#website\",\"url\":\"https:\/\/edol.pt\/en\/\",\"name\":\"Edol\",\"description\":\"Sa\u00fade que se v\u00ea\",\"publisher\":{\"@id\":\"https:\/\/edol.pt\/en\/#organization\"},\"potentialAction\":[{\"@type\":\"SearchAction\",\"target\":{\"@type\":\"EntryPoint\",\"urlTemplate\":\"https:\/\/edol.pt\/en\/?s={search_term_string}\"},\"query-input\":{\"@type\":\"PropertyValueSpecification\",\"valueRequired\":true,\"valueName\":\"search_term_string\"}}],\"inLanguage\":\"en-US\"},{\"@type\":\"Organization\",\"@id\":\"https:\/\/edol.pt\/en\/#organization\",\"name\":\"Laborat\u00f3rio Edol\",\"url\":\"https:\/\/edol.pt\/en\/\",\"logo\":{\"@type\":\"ImageObject\",\"inLanguage\":\"en-US\",\"@id\":\"https:\/\/edol.pt\/en\/#\/schema\/logo\/image\/\",\"url\":\"https:\/\/edol.pt\/wp-content\/uploads\/2021\/04\/edol_logo.svg\",\"contentUrl\":\"https:\/\/edol.pt\/wp-content\/uploads\/2021\/04\/edol_logo.svg\",\"width\":1,\"height\":1,\"caption\":\"Laborat\u00f3rio Edol\"},\"image\":{\"@id\":\"https:\/\/edol.pt\/en\/#\/schema\/logo\/image\/\"},\"sameAs\":[\"https:\/\/www.facebook.com\/laboratorioedol\/\",\"https:\/\/www.linkedin.com\/company\/edol\/about\/\"]}]}<\/script>\n<!-- \/ Yoast SEO plugin. -->","yoast_head_json":{"title":"Licencing-out. O Laborat\u00f3rio Edol a apostar na internacionaliza\u00e7\u00e3o.","description":"Licencing-out. O Laborat\u00f3rio Edol tem vindo, desde 2005, a apostar na internacionaliza\u00e7\u00e3o atrav\u00e9s de parcerias com empresas locais.","robots":{"index":"index","follow":"follow","max-snippet":"max-snippet:-1","max-image-preview":"max-image-preview:large","max-video-preview":"max-video-preview:-1"},"canonical":"https:\/\/edol.pt\/en\/licencing-out\/","og_locale":"en_US","og_type":"article","og_title":"Licencing-out. O Laborat\u00f3rio Edol a apostar na internacionaliza\u00e7\u00e3o.","og_description":"Licencing-out. O Laborat\u00f3rio Edol tem vindo, desde 2005, a apostar na internacionaliza\u00e7\u00e3o atrav\u00e9s de parcerias com empresas locais.","og_url":"https:\/\/edol.pt\/en\/licencing-out\/","og_site_name":"Edol","article_publisher":"https:\/\/www.facebook.com\/laboratorioedol\/","article_modified_time":"2023-10-23T21:52:42+00:00","og_image":[{"width":3759,"height":2500,"url":"https:\/\/edol.pt\/wp-content\/uploads\/2021\/03\/logo-edol-2007.png","type":"image\/png"}],"twitter_card":"summary_large_image","twitter_misc":{"Est. reading time":"2 minutes"},"schema":{"@context":"https:\/\/schema.org","@graph":[{"@type":"WebPage","@id":"https:\/\/edol.pt\/en\/licencing-out\/","url":"https:\/\/edol.pt\/en\/licencing-out\/","name":"Licencing-out. O Laborat\u00f3rio Edol a apostar na internacionaliza\u00e7\u00e3o.","isPartOf":{"@id":"https:\/\/edol.pt\/en\/#website"},"datePublished":"2021-03-29T00:22:47+00:00","dateModified":"2023-10-23T21:52:42+00:00","description":"Licencing-out. O Laborat\u00f3rio Edol tem vindo, desde 2005, a apostar na internacionaliza\u00e7\u00e3o atrav\u00e9s de parcerias com empresas locais.","breadcrumb":{"@id":"https:\/\/edol.pt\/en\/licencing-out\/#breadcrumb"},"inLanguage":"en-US","potentialAction":[{"@type":"ReadAction","target":["https:\/\/edol.pt\/en\/licencing-out\/"]}]},{"@type":"BreadcrumbList","@id":"https:\/\/edol.pt\/en\/licencing-out\/#breadcrumb","itemListElement":[{"@type":"ListItem","position":1,"name":"In\u00edcio","item":"https:\/\/edol.pt\/en\/"},{"@type":"ListItem","position":2,"name":"Licencing-out"}]},{"@type":"WebSite","@id":"https:\/\/edol.pt\/en\/#website","url":"https:\/\/edol.pt\/en\/","name":"Edol","description":"Sa\u00fade que se v\u00ea","publisher":{"@id":"https:\/\/edol.pt\/en\/#organization"},"potentialAction":[{"@type":"SearchAction","target":{"@type":"EntryPoint","urlTemplate":"https:\/\/edol.pt\/en\/?s={search_term_string}"},"query-input":{"@type":"PropertyValueSpecification","valueRequired":true,"valueName":"search_term_string"}}],"inLanguage":"en-US"},{"@type":"Organization","@id":"https:\/\/edol.pt\/en\/#organization","name":"Laborat\u00f3rio Edol","url":"https:\/\/edol.pt\/en\/","logo":{"@type":"ImageObject","inLanguage":"en-US","@id":"https:\/\/edol.pt\/en\/#\/schema\/logo\/image\/","url":"https:\/\/edol.pt\/wp-content\/uploads\/2021\/04\/edol_logo.svg","contentUrl":"https:\/\/edol.pt\/wp-content\/uploads\/2021\/04\/edol_logo.svg","width":1,"height":1,"caption":"Laborat\u00f3rio Edol"},"image":{"@id":"https:\/\/edol.pt\/en\/#\/schema\/logo\/image\/"},"sameAs":["https:\/\/www.facebook.com\/laboratorioedol\/","https:\/\/www.linkedin.com\/company\/edol\/about\/"]}]}},"_links":{"self":[{"href":"https:\/\/edol.pt\/en\/wp-json\/wp\/v2\/pages\/10902","targetHints":{"allow":["GET"]}}],"collection":[{"href":"https:\/\/edol.pt\/en\/wp-json\/wp\/v2\/pages"}],"about":[{"href":"https:\/\/edol.pt\/en\/wp-json\/wp\/v2\/types\/page"}],"author":[{"embeddable":true,"href":"https:\/\/edol.pt\/en\/wp-json\/wp\/v2\/users\/1"}],"replies":[{"embeddable":true,"href":"https:\/\/edol.pt\/en\/wp-json\/wp\/v2\/comments?post=10902"}],"version-history":[{"count":0,"href":"https:\/\/edol.pt\/en\/wp-json\/wp\/v2\/pages\/10902\/revisions"}],"wp:attachment":[{"href":"https:\/\/edol.pt\/en\/wp-json\/wp\/v2\/media?parent=10902"}],"curies":[{"name":"wp","href":"https:\/\/api.w.org\/{rel}","templated":true}]}}