{"id":10863,"date":"2021-01-22T10:01:22","date_gmt":"2021-01-22T10:01:22","guid":{"rendered":"https:\/\/edol.pt\/labortatorios-edol\/"},"modified":"2023-11-16T14:29:15","modified_gmt":"2023-11-16T14:29:15","slug":"labortatorios-edol","status":"publish","type":"page","link":"https:\/\/edol.pt\/en\/","title":{"rendered":"Laborat\u00f3rio Edol"},"content":{"rendered":"<div class=\"wpb-content-wrapper\"><p>[vc_row full_width=&#8221;stretch_row&#8221; kd_bottom_separator_style=&#8221;rounded-down&#8221; kd_bottom_separator_height=&#8221;separator-height-medium&#8221; kd_bottom_separator=&#8221;true&#8221; kd_bottom_separator_bg=&#8221;#f3f3f3&#8243;][vc_column][rev_slider_vc alias=&#8221;edol-home-slider-1&#8243;][\/vc_column][\/vc_row][vc_row css=&#8221;.vc_custom_1556026990224{padding-top: 0px !important;}&#8221;][vc_column css=&#8221;.vc_custom_1515687105834{padding-right: 0px !important;padding-left: 0px !important;}&#8221;][vc_row_inner css=&#8221;.vc_custom_1611319580621{margin-top: -80px !important;padding-bottom: 70px !important;}&#8221;][vc_column_inner width=&#8221;1\/4&#8243;]<div class=\"cb-container cb-cont-center cb-no-icon  kd-animated fadeInUp size-28\" style=\"background-color:#fff;\" ><a href=\"\/en\/dermatology-products\/\" target=\"\"><div class=\"cb-text-area\">\n                    <h4 class=\"cb-heading \" style=\"color: #0092bd;\">Dermatology<\/h4><p ><\/p><\/div><\/a><\/div>[\/vc_column_inner][vc_column_inner width=&#8221;1\/4&#8243;]<div class=\"cb-container cb-cont-center cb-no-icon  kd-animated fadeInUp size-28\" style=\"background-color:#fff;\" data-animation-delay=200><a href=\"\/en\/gynecology\/\" target=\"\"><div class=\"cb-text-area\">\n                    <h4 class=\"cb-heading \" style=\"color: #0092bd;\">Gynecology<\/h4><p ><\/p><\/div><\/a><\/div>[\/vc_column_inner][vc_column_inner width=&#8221;1\/4&#8243;]<div class=\"cb-container cb-cont-center cb-no-icon  kd-animated fadeInUp size-28\" style=\"background-color:#fff;\" data-animation-delay=400><a href=\"\/en\/ophthalmology-products\/\" target=\"\"><div class=\"cb-text-area\">\n                    <h4 class=\"cb-heading \" style=\"color: #0092bd;\">Otolaryngology<\/h4><p ><\/p><\/div><\/a><\/div>[\/vc_column_inner][vc_column_inner width=&#8221;1\/4&#8243;]<div class=\"cb-container cb-cont-center cb-no-icon  kd-animated fadeInUp size-28\" style=\"background-color:#fff;\" data-animation-delay=600><a href=\"\/en\/otolaryngology-products\/\" target=\"\"><div class=\"cb-text-area\">\n                    <h4 class=\"cb-heading \" style=\"color: #0092bd;\">Ophthalmology<\/h4><p ><\/p><\/div><\/a><\/div>[\/vc_column_inner][\/vc_row_inner][\/vc_column][\/vc_row][vc_row full_width=&#8221;stretch_row&#8221; css=&#8221;.vc_custom_1551105350279{padding-bottom: 100px !important;background-color: #f3f3f3 !important;}&#8221;][vc_column offset=&#8221;vc_col-lg-12 vc_hidden-lg vc_col-md-12 vc_hidden-md&#8221; css=&#8221;.vc_custom_1651225262471{background-image: url(https:\/\/edol.pt\/wp-content\/uploads\/2022\/04\/Facebook_CV_1_F.jpg?id=12178) !important;background-position: center !important;background-repeat: no-repeat !important;background-size: cover !important;}&#8221;][vc_empty_space height=&#8221;100px&#8221;]<div class=\"video-container play-button-center\" ><a data-toggle=\"modal\" data-target=\"#video-modal-kd-video-modal-69f55613d4e67\" data-src=\"\" data-backdrop=\"true\" class=\"play-btn-secondary-color\"><span class=\"play-video\"><span class=\"fas fa-play\"><\/span><\/span><\/a><\/div><div class=\"modal fade video-modal\" id=\"video-modal-kd-video-modal-69f55613d4e67\" role=\"dialog\">\n                            <div class=\"modal-content\">\n                            <button type=\"button\" class=\"close\" data-dismiss=\"modal\">\u00d7<\/button>\n                            <div class=\"row\"><video class=\"video-modal-local\" title=\"\" poster=\"\" height=\"600\" controls>\n                              <source src=\"\/wp-content\/uploads\/2022\/04\/Edol_70_anos_video_SD.mp4\" type=\"video\/mp4\"><img decoding=\"async\" alt=\"\" src=\"\" title=\"Video playback is not supported by your browser\" \/>\n                              <\/video><\/div>\n                            <\/div>\n                        <\/div>[vc_empty_space height=&#8221;100px&#8221;][\/vc_column][\/vc_row][vc_row full_width=&#8221;stretch_row&#8221; css=&#8221;.vc_custom_1551105350279{padding-bottom: 100px !important;background-color: #f3f3f3 !important;}&#8221;][vc_column offset=&#8221;vc_col-lg-12 vc_col-md-12 vc_hidden-sm vc_hidden-xs&#8221; css=&#8221;.vc_custom_1651225250319{background-image: url(https:\/\/edol.pt\/wp-content\/uploads\/2022\/04\/Facebook_CV_1_F.jpg?id=12178) !important;background-position: center !important;background-repeat: no-repeat !important;background-size: cover !important;}&#8221;][vc_empty_space height=&#8221;200px&#8221;]<div class=\"video-container play-button-center\" ><a data-toggle=\"modal\" data-target=\"#video-modal-kd-video-modal-69f55613d4eb4\" data-src=\"\" data-backdrop=\"true\" class=\"play-btn-secondary-color\"><span class=\"play-video\"><span class=\"fas fa-play\"><\/span><\/span><\/a><\/div><div class=\"modal fade video-modal\" id=\"video-modal-kd-video-modal-69f55613d4eb4\" role=\"dialog\">\n                            <div class=\"modal-content\">\n                            <button type=\"button\" class=\"close\" data-dismiss=\"modal\">\u00d7<\/button>\n                            <div class=\"row\"><video class=\"video-modal-local\" title=\"\" poster=\"\" height=\"600\" controls>\n                              <source src=\"\/wp-content\/uploads\/2022\/04\/Edol_70_anos_video_SD.mp4\" type=\"video\/mp4\"><img decoding=\"async\" alt=\"\" src=\"\" title=\"Video playback is not supported by your browser\" \/>\n                              <\/video><\/div>\n                            <\/div>\n                        <\/div>[vc_empty_space height=&#8221;200px&#8221;][\/vc_column][\/vc_row][vc_row full_width=&#8221;stretch_row&#8221; disable_element=&#8221;yes&#8221; css=&#8221;.vc_custom_1611321982509{padding-bottom: 100px !important;background-color: #f3f3f3 !important;}&#8221;][vc_column offset=&#8221;vc_col-lg-12 vc_col-md-12&#8243;][vc_row_inner css=&#8221;.vc_custom_1611319538973{padding-bottom: 0px !important;background-color: #014a94 !important;border-radius: 5px !important;}&#8221; el_class=&#8221;with-shadow&#8221;][vc_column_inner css=&#8221;.vc_custom_1611319532653{padding-top: 80px !important;padding-right: 80px !important;padding-bottom: 70px !important;padding-left: 80px !important;background-color: #014a94 !important;}&#8221; offset=&#8221;vc_col-lg-offset-0 vc_col-lg-6 vc_col-md-offset-3 vc_col-md-6 vc_col-sm-offset-3&#8243;]<header class=\"kd-section-title col-lg-12 text-left     vc_custom_1611318586852\" ><h2 class=\"separator_off\" style=\"color: #ffffff;font-size: 38px;\">Quem somos<\/h2><h6 class=\"subtitle \" style=\"color: #ffffff;\">O Laborat\u00f3rio Edol \u2013 Produtos Farmac\u00eauticos, S.A., \u00e9 uma empresa farmac\u00eautica portuguesa especializada no desenvolvimento, fabrico e comercializa\u00e7\u00e3o de medicamentos, dispositivos m\u00e9dicos, produtos cosm\u00e9ticos e de higiene corporal e suplementos alimentares nas \u00e1reas de Oftalmologia, Dermatologia, Otorrinolaringologia e Dermocosm\u00e9tica.<\/h6><\/header>[\/vc_column_inner][vc_column_inner css=&#8221;.vc_custom_1551188282185{padding-top: 200px !important;padding-bottom: 198px !important;background-image: url(https:\/\/www.ekko-wp.com\/static\/wp-content\/uploads\/sites\/3\/2019\/04\/consulting3.jpg) !important;background-position: center !important;background-repeat: no-repeat !important;background-size: cover !important;}&#8221; offset=&#8221;vc_col-lg-6&#8243;]<div class=\"video-container play-button-center\" ><a data-toggle=\"modal\" data-target=\"#video-modal-kd-video-modal-69f55613d4f6b\" data-src=\"\/wp-content\/uploads\/2022\/10\/Edol_V_EN.mp4\" data-backdrop=\"true\" class=\"play-btn-secondary-color\"><span class=\"play-video\"><span class=\"fas fa-play\"><\/span><\/span><\/a><\/div><div class=\"modal fade video-modal\" id=\"video-modal-kd-video-modal-69f55613d4f6b\" role=\"dialog\">\n                            <div class=\"modal-content\">\n                            <button type=\"button\" class=\"close\" data-dismiss=\"modal\">\u00d7<\/button>\n                            <div class=\"row\"><iframe width=\"1024\" height=\"576\" allow=\"accelerometer; autoplay; encrypted-media; gyroscope; picture-in-picture\" allowfullscreen><\/iframe><\/div>\n                            <\/div>\n                        <\/div>[\/vc_column_inner][\/vc_row_inner][\/vc_column][\/vc_row][vc_row full_width=&#8221;stretch_row&#8221; css=&#8221;.vc_custom_1551105350279{padding-bottom: 100px !important;background-color: #f3f3f3 !important;}&#8221;][vc_column offset=&#8221;vc_col-lg-12 vc_col-md-12&#8243;][vc_row_inner css=&#8221;.vc_custom_1611319538973{padding-bottom: 0px !important;background-color: #014a94 !important;border-radius: 5px !important;}&#8221; el_class=&#8221;with-shadow&#8221;][vc_column_inner css=&#8221;.vc_custom_1611319532653{padding-top: 80px !important;padding-right: 80px !important;padding-bottom: 70px !important;padding-left: 80px !important;background-color: #014a94 !important;}&#8221; offset=&#8221;vc_col-lg-offset-0 vc_col-lg-6 vc_col-md-offset-3 vc_col-md-6 vc_col-sm-offset-3&#8243;]<header class=\"kd-section-title col-lg-12 text-left     vc_custom_1617746644115\" ><h2 class=\"separator_off\" style=\"color: #ffffff;font-size: 38px;\">Laborat\u00f3rio Edol<\/h2><\/header>[vc_column_text]<span style=\"color: #ffffff;\"> Laborat\u00f3rio Edol &#8211; Produtos Farmac\u00eauticos, S.A., is a Portuguese pharmaceutical company specialized in the development, manufacturing and marketing of medicine, medical devices, cosmetic, body care products and food supplements in the areas of Ophthalmology, Dermatology, Otorhinolaryngology and Dermocosmetics.<\/span>[\/vc_column_text][\/vc_column_inner][vc_column_inner css=&#8221;.vc_custom_1619008658511{padding-top: 200px !important;padding-bottom: 198px !important;background-image: url(https:\/\/edol.pt\/wp-content\/uploads\/2021\/04\/edol-escritorios.jpg?id=10503) !important;background-position: center !important;background-repeat: no-repeat !important;background-size: cover !important;}&#8221; offset=&#8221;vc_col-lg-6&#8243;]<div class=\"video-container play-button-center\" ><a data-toggle=\"modal\" data-target=\"#video-modal-kd-video-modal-69f55613d4fe7\" data-src=\"\" data-backdrop=\"true\" class=\"play-btn-secondary-color\"><span class=\"play-video\"><span class=\"fas fa-play\"><\/span><\/span><\/a><\/div><div class=\"modal fade video-modal\" id=\"video-modal-kd-video-modal-69f55613d4fe7\" role=\"dialog\">\n                            <div class=\"modal-content\">\n                            <button type=\"button\" class=\"close\" data-dismiss=\"modal\">\u00d7<\/button>\n                            <div class=\"row\"><video class=\"video-modal-local\" title=\"\" poster=\"\" height=\"600\" controls>\n                              <source src=\"\/wp-content\/uploads\/2022\/10\/Edol_V_EN.mp4\" type=\"video\/mp4\"><img decoding=\"async\" alt=\"\" src=\"\" title=\"Video playback is not supported by your browser\" \/>\n                              <\/video><\/div>\n                            <\/div>\n                        <\/div>[\/vc_column_inner][\/vc_row_inner][\/vc_column][\/vc_row][vc_row full_width=&#8221;stretch_row&#8221; css=&#8221;.vc_custom_1551188517250{background-color: #f3f3f3 !important;}&#8221;][vc_column css=&#8221;.vc_custom_1516008777154{padding-right: 0px !important;padding-left: 0px !important;}&#8221;]<header class=\"kd-section-title vc_col-lg-6 vc_col-sm-8 text-center     vc_custom_1631229390935\" ><h2 class=\"separator_off\" >Our services<\/h2><h6 class=\"subtitle \" >At Laborat\u00f3rio Edol, we strive for excellence in our work and constant improvement. Get to know more about our services.<\/h6><\/header>[vc_row_inner equal_height=&#8221;yes&#8221; css=&#8221;.vc_custom_1611317190272{margin-bottom: 30px !important;}&#8221; el_class=&#8221;servicos-home&#8221;][vc_column_inner width=&#8221;1\/4&#8243;]<div class=\"key-icon-box icon-default icon-top cont-left ib-hover-2  kd-animated fadeInUp\" style=\"background-color: #ffffff;\" ><a href=\"\/en\/quality-control-and-quality-assurance\/\" target=\"\"><div class=\"ib-wrapper\"><i class=\"iconsmind-Check iconsmind-Interface\" style=\" \"><\/i> <h5 class=\"service-heading\" >Quality Control and Quality Assurance<\/h5><p >Assurance of excellence in our products, processes, procedures, and services.<\/p><\/div><\/a><\/div>[\/vc_column_inner][vc_column_inner width=&#8221;1\/4&#8243;]<div class=\"key-icon-box icon-default icon-top cont-left ib-hover-2  kd-animated fadeInUp\" style=\"background-color: #ffffff;\" data-animation-delay=200><a href=\"https:\/\/edol.pt\/en\/training\/\" target=\"\"><div class=\"ib-wrapper\"><i class=\"iconsmind-Blackboard iconsmind-Education\" style=\" \"><\/i> <h5 class=\"service-heading\" >Training<\/h5><p >Training, awareness-raising and training of our employees.<\/p><\/div><\/a><\/div>[\/vc_column_inner][vc_column_inner width=&#8221;1\/4&#8243;]<div class=\"key-icon-box icon-default icon-top cont-left ib-hover-2  kd-animated fadeInUp\" style=\"background-color: #ffffff;\" data-animation-delay=400><a href=\"https:\/\/edol.pt\/en\/investigation-and-development\/\" target=\"\"><div class=\"ib-wrapper\"><i class=\"iconsmind-Microscope iconsmind-Science-Medical\" style=\" \"><\/i> <h5 class=\"service-heading\" >Research and Development<\/h5><p >Innovation projects and new-product development.<\/p><\/div><\/a><\/div>[\/vc_column_inner][vc_column_inner width=&#8221;1\/4&#8243;]<div class=\"key-icon-box icon-default icon-top cont-left ib-hover-2  kd-animated fadeInUp\" style=\"background-color: #ffffff;\" data-animation-delay=600><a href=\"https:\/\/edol.pt\/en\/regulatory-affairs-pharmacovigilance\/\" target=\"\"><div class=\"ib-wrapper\"><i class=\"iconsmind-Folder-WithDocument iconsmind-Folders-Class\" style=\" \"><\/i> <h5 class=\"service-heading\" >Regulatory Affairs and Pharmacovigilance<\/h5><p >Registration and monitoring of all products.<\/p><\/div><\/a><\/div>[\/vc_column_inner][\/vc_row_inner][vc_row_inner equal_height=&#8221;yes&#8221; css=&#8221;.vc_custom_1611317272079{padding-bottom: 100px !important;}&#8221; el_class=&#8221;servicos-home&#8221;][vc_column_inner width=&#8221;1\/4&#8243;]<div class=\"key-icon-box icon-default icon-top cont-left ib-hover-2  kd-animated fadeInUp\" style=\"background-color: #ffffff;\" ><a href=\"https:\/\/edol.pt\/en\/marketing-and-sales\/\" target=\"\"><div class=\"ib-wrapper\"><i class=\"iconsmind-Full-Cart iconsmind-Shopping-E-commerce\" style=\" \"><\/i> <h5 class=\"service-heading\" >Marketing and Sales<\/h5><p >Product training, promotion, and scientific information.<\/p><\/div><\/a><\/div>[\/vc_column_inner][vc_column_inner width=&#8221;1\/4&#8243;]<div class=\"key-icon-box icon-default icon-top cont-left ib-hover-2  kd-animated fadeInUp\" style=\"background-color: #ffffff;\" data-animation-delay=200><a href=\"https:\/\/edol.pt\/en\/production\/\" target=\"\"><div class=\"ib-wrapper\"><i class=\"iconsmind-Chemical-3 iconsmind-Science-Medical\" style=\" \"><\/i> <h5 class=\"service-heading\" >Production<\/h5><p >Manufacturing and packaging of pharmaceutical products.<\/p><\/div><\/a><\/div>[\/vc_column_inner][vc_column_inner width=&#8221;1\/4&#8243;]<div class=\"key-icon-box icon-default icon-top cont-left ib-hover-2  kd-animated fadeInUp\" style=\"background-color: #ffffff;\" data-animation-delay=400><a href=\"https:\/\/edol.pt\/en\/outsourced-production\/\" target=\"\"><div class=\"ib-wrapper\"><i class=\"iconsmind-Factory iconsmind-Buildings-Landmarks\" style=\" \"><\/i> <h5 class=\"service-heading\" >Production for third parties<\/h5><p >We are equipped to produce a wide range of products.<\/p><\/div><\/a><\/div>[\/vc_column_inner][vc_column_inner width=&#8221;1\/4&#8243;]<div class=\"key-icon-box icon-default  cont-left ib-hover-1  kd-animated fadeInUp size-28\" style=\"background-color: #014a94;\" data-animation-delay=400><div class=\"ib-wrapper\"><h4 class=\"service-heading\" style=\"color: #ffffff;\">Our commitment ends in the satisfaction of our clients.<\/h4><\/div><\/div>[\/vc_column_inner][\/vc_row_inner][\/vc_column][\/vc_row][vc_row full_width=&#8221;stretch_row&#8221; kd_bottom_separator_style=&#8221;rounded-down&#8221; kd_bottom_separator_height=&#8221;separator-height-medium&#8221; kd_bottom_separator=&#8221;true&#8221;][vc_column][vc_row_inner][vc_column_inner width=&#8221;1\/4&#8243; offset=&#8221;vc_hidden-xs&#8221;][\/vc_column_inner][vc_column_inner width=&#8221;1\/2&#8243;]<header class=\"kd-section-title col-lg-12 text-center  kd-animated fadeIn  \" data-animation-delay=200><h2 class=\"separator_off\" >Have any doubts?<\/h2><h6 class=\"subtitle \" >If you have any queries, talk to us.<\/h6><\/header>[vc_empty_space height=&#8221;15px&#8221;][\/vc_column_inner][vc_column_inner width=&#8221;1\/4&#8243; offset=&#8221;vc_hidden-xs&#8221;][\/vc_column_inner][\/vc_row_inner][vc_row_inner disable_element=&#8221;yes&#8221; css=&#8221;.vc_custom_1620064319950{padding-bottom: 110px !important;}&#8221;][vc_column_inner css=&#8221;.vc_custom_1536243836394{padding-right: 10px !important;}&#8221;]<a  href=\"http:\/\/edol.pt\/contactos\/\"  target=\"_self\"  title=\"Contactos\" class=\"tt_button tt_primary_button btn_primary_color  button-center button-action-link  kd-animated zoomIn\" data-animation-delay=200><span class=\"prim_text\">Contacte-nos<\/span><\/a>[\/vc_column_inner][\/vc_row_inner][\/vc_column][\/vc_row][vc_row full_width=&#8221;stretch_row&#8221; css=&#8221;.vc_custom_1551194501704{background-color: #ffffff !important;}&#8221;][vc_column css=&#8221;.vc_custom_1516095762744{padding-right: 0px !important;padding-left: 0px !important;}&#8221;][vc_row_inner css=&#8221;.vc_custom_1551194508197{padding-top: 100px !important;padding-bottom: 73px !important;}&#8221;][vc_column_inner width=&#8221;1\/2&#8243; css=&#8221;.vc_custom_1613732316571{padding-top: 0px !important;padding-right: 70px !important;padding-left: 100px !important;}&#8221;][vc_column_text css=&#8221;.vc_custom_1628716622058{padding-bottom: 15px !important;}&#8221;]<\/p>\n<h5><strong>Call us or fill out the form and we will contact you as soon as possible.<\/strong><\/h5>\n<p>[\/vc_column_text][vc_column_text css=&#8221;.vc_custom_1628716638245{padding-bottom: 15px !important;}&#8221;]<strong>Offices<\/strong><br \/>\nRua Casal do Canas, 6<br \/>\n2790-204 Carnaxide, Portugal[\/vc_column_text][vc_column_text css=&#8221;.vc_custom_1628716652409{padding-bottom: 15px !important;}&#8221;]<strong>Factory<\/strong><br \/>\nAvenida 25 de Abril 6-6A,<br \/>\n2795-225 Linda-a-Velha \u2013 Portugal[\/vc_column_text][vc_column_text css=&#8221;.vc_custom_1620064388621{padding-bottom: 15px !important;}&#8221;]<a href=\"mailto:geral@edol.pt\">geral@edol.pt<\/a><br \/>\n+351 21 415 81 30[\/vc_column_text][\/vc_column_inner][\/vc_row_inner][\/vc_column][\/vc_row]<\/p>\n<\/div>","protected":false},"excerpt":{"rendered":"<p>O Laborat\u00f3rio Edol is a Portuguese pharmaceutical company specializing in the development, manufacture and marketing of medicines.<\/p>\n","protected":false},"author":1,"featured_media":0,"parent":0,"menu_order":0,"comment_status":"closed","ping_status":"closed","template":"","meta":{"footnotes":""},"class_list":["post-10863","page","type-page","status-publish","hentry"],"yoast_head":"<!-- This site is optimized with the Yoast SEO plugin v24.5 - https:\/\/yoast.com\/wordpress\/plugins\/seo\/ -->\n<title>Laborat\u00f3rio Edol is a Portuguese pharmaceutical company.<\/title>\n<meta name=\"description\" content=\"O Laborat\u00f3rio Edol is a Portuguese pharmaceutical company specializing in the development, manufacture and marketing of medicines.\" \/>\n<meta name=\"robots\" content=\"index, follow, max-snippet:-1, max-image-preview:large, max-video-preview:-1\" \/>\n<link rel=\"canonical\" href=\"https:\/\/edol.pt\/en\/\" \/>\n<meta property=\"og:locale\" content=\"en_US\" \/>\n<meta property=\"og:type\" content=\"article\" \/>\n<meta property=\"og:title\" content=\"Laborat\u00f3rio Edol is a Portuguese pharmaceutical company.\" \/>\n<meta property=\"og:description\" content=\"O Laborat\u00f3rio Edol is a Portuguese pharmaceutical company specializing in the development, manufacture and marketing of medicines.\" \/>\n<meta property=\"og:url\" content=\"https:\/\/edol.pt\/en\/\" \/>\n<meta property=\"og:site_name\" content=\"Edol\" \/>\n<meta property=\"article:publisher\" content=\"https:\/\/www.facebook.com\/laboratorioedol\/\" \/>\n<meta property=\"article:modified_time\" content=\"2023-11-16T14:29:15+00:00\" \/>\n<meta property=\"og:image\" content=\"https:\/\/edol.pt\/wp-content\/uploads\/2021\/03\/logo-edol-2007.png\" \/>\n\t<meta property=\"og:image:width\" content=\"3759\" \/>\n\t<meta property=\"og:image:height\" content=\"2500\" \/>\n\t<meta property=\"og:image:type\" content=\"image\/png\" \/>\n<meta name=\"twitter:card\" content=\"summary_large_image\" \/>\n<meta name=\"twitter:label1\" content=\"Est. reading time\" \/>\n\t<meta name=\"twitter:data1\" content=\"5 minutes\" \/>\n<script type=\"application\/ld+json\" class=\"yoast-schema-graph\">{\"@context\":\"https:\/\/schema.org\",\"@graph\":[{\"@type\":\"WebPage\",\"@id\":\"https:\/\/edol.pt\/en\/\",\"url\":\"https:\/\/edol.pt\/en\/\",\"name\":\"Laborat\u00f3rio Edol is a Portuguese pharmaceutical company.\",\"isPartOf\":{\"@id\":\"https:\/\/edol.pt\/en\/#website\"},\"datePublished\":\"2021-01-22T10:01:22+00:00\",\"dateModified\":\"2023-11-16T14:29:15+00:00\",\"description\":\"O Laborat\u00f3rio Edol is a Portuguese pharmaceutical company specializing in the development, manufacture and marketing of medicines.\",\"breadcrumb\":{\"@id\":\"https:\/\/edol.pt\/en\/#breadcrumb\"},\"inLanguage\":\"en-US\",\"potentialAction\":[{\"@type\":\"ReadAction\",\"target\":[\"https:\/\/edol.pt\/en\/\"]}]},{\"@type\":\"BreadcrumbList\",\"@id\":\"https:\/\/edol.pt\/en\/#breadcrumb\",\"itemListElement\":[{\"@type\":\"ListItem\",\"position\":1,\"name\":\"In\u00edcio\",\"item\":\"https:\/\/edol.pt\/en\/\"},{\"@type\":\"ListItem\",\"position\":2,\"name\":\"Laborat\u00f3rio Edol\"}]},{\"@type\":\"WebSite\",\"@id\":\"https:\/\/edol.pt\/en\/#website\",\"url\":\"https:\/\/edol.pt\/en\/\",\"name\":\"Edol\",\"description\":\"Sa\u00fade que se v\u00ea\",\"publisher\":{\"@id\":\"https:\/\/edol.pt\/en\/#organization\"},\"potentialAction\":[{\"@type\":\"SearchAction\",\"target\":{\"@type\":\"EntryPoint\",\"urlTemplate\":\"https:\/\/edol.pt\/en\/?s={search_term_string}\"},\"query-input\":{\"@type\":\"PropertyValueSpecification\",\"valueRequired\":true,\"valueName\":\"search_term_string\"}}],\"inLanguage\":\"en-US\"},{\"@type\":\"Organization\",\"@id\":\"https:\/\/edol.pt\/en\/#organization\",\"name\":\"Laborat\u00f3rio Edol\",\"url\":\"https:\/\/edol.pt\/en\/\",\"logo\":{\"@type\":\"ImageObject\",\"inLanguage\":\"en-US\",\"@id\":\"https:\/\/edol.pt\/en\/#\/schema\/logo\/image\/\",\"url\":\"https:\/\/edol.pt\/wp-content\/uploads\/2021\/04\/edol_logo.svg\",\"contentUrl\":\"https:\/\/edol.pt\/wp-content\/uploads\/2021\/04\/edol_logo.svg\",\"width\":1,\"height\":1,\"caption\":\"Laborat\u00f3rio Edol\"},\"image\":{\"@id\":\"https:\/\/edol.pt\/en\/#\/schema\/logo\/image\/\"},\"sameAs\":[\"https:\/\/www.facebook.com\/laboratorioedol\/\",\"https:\/\/www.linkedin.com\/company\/edol\/about\/\"]}]}<\/script>\n<!-- \/ Yoast SEO plugin. -->","yoast_head_json":{"title":"Laborat\u00f3rio Edol is a Portuguese pharmaceutical company.","description":"O Laborat\u00f3rio Edol is a Portuguese pharmaceutical company specializing in the development, manufacture and marketing of medicines.","robots":{"index":"index","follow":"follow","max-snippet":"max-snippet:-1","max-image-preview":"max-image-preview:large","max-video-preview":"max-video-preview:-1"},"canonical":"https:\/\/edol.pt\/en\/","og_locale":"en_US","og_type":"article","og_title":"Laborat\u00f3rio Edol is a Portuguese pharmaceutical company.","og_description":"O Laborat\u00f3rio Edol is a Portuguese pharmaceutical company specializing in the development, manufacture and marketing of medicines.","og_url":"https:\/\/edol.pt\/en\/","og_site_name":"Edol","article_publisher":"https:\/\/www.facebook.com\/laboratorioedol\/","article_modified_time":"2023-11-16T14:29:15+00:00","og_image":[{"width":3759,"height":2500,"url":"https:\/\/edol.pt\/wp-content\/uploads\/2021\/03\/logo-edol-2007.png","type":"image\/png"}],"twitter_card":"summary_large_image","twitter_misc":{"Est. reading time":"5 minutes"},"schema":{"@context":"https:\/\/schema.org","@graph":[{"@type":"WebPage","@id":"https:\/\/edol.pt\/en\/","url":"https:\/\/edol.pt\/en\/","name":"Laborat\u00f3rio Edol is a Portuguese pharmaceutical company.","isPartOf":{"@id":"https:\/\/edol.pt\/en\/#website"},"datePublished":"2021-01-22T10:01:22+00:00","dateModified":"2023-11-16T14:29:15+00:00","description":"O Laborat\u00f3rio Edol is a Portuguese pharmaceutical company specializing in the development, manufacture and marketing of medicines.","breadcrumb":{"@id":"https:\/\/edol.pt\/en\/#breadcrumb"},"inLanguage":"en-US","potentialAction":[{"@type":"ReadAction","target":["https:\/\/edol.pt\/en\/"]}]},{"@type":"BreadcrumbList","@id":"https:\/\/edol.pt\/en\/#breadcrumb","itemListElement":[{"@type":"ListItem","position":1,"name":"In\u00edcio","item":"https:\/\/edol.pt\/en\/"},{"@type":"ListItem","position":2,"name":"Laborat\u00f3rio Edol"}]},{"@type":"WebSite","@id":"https:\/\/edol.pt\/en\/#website","url":"https:\/\/edol.pt\/en\/","name":"Edol","description":"Sa\u00fade que se v\u00ea","publisher":{"@id":"https:\/\/edol.pt\/en\/#organization"},"potentialAction":[{"@type":"SearchAction","target":{"@type":"EntryPoint","urlTemplate":"https:\/\/edol.pt\/en\/?s={search_term_string}"},"query-input":{"@type":"PropertyValueSpecification","valueRequired":true,"valueName":"search_term_string"}}],"inLanguage":"en-US"},{"@type":"Organization","@id":"https:\/\/edol.pt\/en\/#organization","name":"Laborat\u00f3rio Edol","url":"https:\/\/edol.pt\/en\/","logo":{"@type":"ImageObject","inLanguage":"en-US","@id":"https:\/\/edol.pt\/en\/#\/schema\/logo\/image\/","url":"https:\/\/edol.pt\/wp-content\/uploads\/2021\/04\/edol_logo.svg","contentUrl":"https:\/\/edol.pt\/wp-content\/uploads\/2021\/04\/edol_logo.svg","width":1,"height":1,"caption":"Laborat\u00f3rio Edol"},"image":{"@id":"https:\/\/edol.pt\/en\/#\/schema\/logo\/image\/"},"sameAs":["https:\/\/www.facebook.com\/laboratorioedol\/","https:\/\/www.linkedin.com\/company\/edol\/about\/"]}]}},"_links":{"self":[{"href":"https:\/\/edol.pt\/en\/wp-json\/wp\/v2\/pages\/10863","targetHints":{"allow":["GET"]}}],"collection":[{"href":"https:\/\/edol.pt\/en\/wp-json\/wp\/v2\/pages"}],"about":[{"href":"https:\/\/edol.pt\/en\/wp-json\/wp\/v2\/types\/page"}],"author":[{"embeddable":true,"href":"https:\/\/edol.pt\/en\/wp-json\/wp\/v2\/users\/1"}],"replies":[{"embeddable":true,"href":"https:\/\/edol.pt\/en\/wp-json\/wp\/v2\/comments?post=10863"}],"version-history":[{"count":0,"href":"https:\/\/edol.pt\/en\/wp-json\/wp\/v2\/pages\/10863\/revisions"}],"wp:attachment":[{"href":"https:\/\/edol.pt\/en\/wp-json\/wp\/v2\/media?parent=10863"}],"curies":[{"name":"wp","href":"https:\/\/api.w.org\/{rel}","templated":true}]}}