{"id":10847,"date":"2021-03-09T22:54:48","date_gmt":"2021-03-09T22:54:48","guid":{"rendered":"https:\/\/edol.pt\/portugal2020\/"},"modified":"2023-06-01T11:53:51","modified_gmt":"2023-06-01T11:53:51","slug":"portugal2020","status":"publish","type":"page","link":"https:\/\/edol.pt\/en\/portugal2020\/","title":{"rendered":"Portugal 2020"},"content":{"rendered":"<div class=\"wpb-content-wrapper\"><p>[vc_row full_width=&#8221;stretch_row&#8221; kd_image_overlay_color=&#8221;rgba(0,0,0,0.5)&#8221; kd_image_overlay=&#8221;true&#8221; css=&#8221;.vc_custom_1615815258460{padding-top: 260px !important;padding-bottom: 200px !important;background-image: url(http:\/\/edol.pt\/wp-content\/uploads\/2021\/01\/edol-1.png?id=7552) !important;background-position: center !important;background-repeat: no-repeat !important;background-size: cover !important;}&#8221;][vc_column css=&#8221;.vc_custom_1513003956648{padding-top: 0px !important;}&#8221;][vc_row_inner][vc_column_inner width=&#8221;1\/6&#8243; css=&#8221;.vc_custom_1513004658055{padding-top: 50px !important;padding-left: 0px !important;}&#8221;][\/vc_column_inner][vc_column_inner width=&#8221;2\/3&#8243; css=&#8221;.vc_custom_1513008591637{padding-right: 0px !important;padding-left: 0px !important;}&#8221;]<header class=\"kd-section-title col-lg-12 text-center  kd-animated fadeIn  \" data-animation-delay=200><h1 class=\"separator_off\" style=\"color: #ffffff;font-size: 60px;\">Portugal 2020<\/h1><\/header>[\/vc_column_inner][vc_column_inner width=&#8221;1\/6&#8243;][\/vc_column_inner][\/vc_row_inner][\/vc_column][\/vc_row][vc_row full_width=&#8221;stretch_row&#8221; parallax=&#8221;content-moving&#8221; css=&#8221;.vc_custom_1611587785913{padding-top: 100px !important;padding-bottom: 45px !important;}&#8221;][vc_column][vc_row_inner gap=&#8221;30&#8243;][vc_column_inner][vc_single_image image=&#8221;10848&#8243; img_size=&#8221;455&#215;35&#8243; alignment=&#8221;center&#8221;][vc_empty_space height=&#8221;60px&#8221;][vc_toggle title=&#8221;Ficha de Projecto \u2013 Qualifica\u00e7\u00e3o (LISBOA-02-0853-FEDER-021300)&#8221; css_animation=&#8221;fadeIn&#8221;]<strong>Designa\u00e7\u00e3o do projeto:<\/strong>\u00a0Add-on ProBatch para a Ind\u00fastria Farmac\u00eautica<br \/>\n<strong>C\u00f3digo do projeto:<\/strong>\u00a0LISBOA-02-0853-FEDER-021300<br \/>\n<strong>Objetivo principal:<\/strong>\u00a0Aquisi\u00e7\u00e3o e implementa\u00e7\u00e3o do ERP Microsoft Dynamics NAV 2017 e do Add-On ProBatch YAVEON<br \/>\n<strong>Regi\u00e3o de interven\u00e7\u00e3o:<\/strong>\u00a0Carnaxide \u2013 Lisboa<br \/>\n<strong>Entidade benefici\u00e1ria:<\/strong>\u00a0LABORAT\u00d3RIO EDOL, Produtos Farmac\u00eauticos S.A.<\/p>\n<p><strong>Data de aprova\u00e7\u00e3o:<\/strong>\u00a015-12-2016<br \/>\n<strong>Data de in\u00edcio:<\/strong>\u00a001-07-2016<br \/>\n<strong>Data de conclus\u00e3o:<\/strong>\u00a030-06-2017<br \/>\n<strong>Custo total eleg\u00edvel:<\/strong>\u00a0144.689,00 EUR<br \/>\n<strong>Apoio financeiro da Uni\u00e3o Europeia:<\/strong>\u00a0FEDER \u2013 57.875,60 EUR<\/p>\n<p><strong>Objetivos, atividades e resultados esperados\/atingidos<\/strong><\/p>\n<p>O projeto \u00e9 caracterizado pela implementa\u00e7\u00e3o de duas plataformas de gest\u00e3o complementares:<\/p>\n<ul>\n<li>Microsoft Dynamics NAV 2017, ERP especialmente criado para as pequenas e m\u00e9dias empresas, permitindo gerir processos de neg\u00f3cio e responder \u00e0s necessidades destas;<\/li>\n<li>Add-on Pro-Batch, desenvolvido especificamente para esta ind\u00fastria, totalmente compat\u00edvel com o Microsoft Dynamics NAV e que vai ao encontro das necessidades espec\u00edficas da Empresa nos seus diferentes departamentos.<\/li>\n<li>O add-on Pro-Batch aplica especial enf\u00e2se nos exigentes procedimentos que esta ind\u00fastria farmac\u00eautica enfrenta em quest\u00f5es de log\u00edstica e gest\u00e3o de lotes, devido \u00e0 sensibilidade e perigosidade de algumas das mat\u00e9rias-primas utilizadas e pelas normas e procedimentos de seguran\u00e7a e qualidade aos quais est\u00e3o obrigados a obedecer. Esta solu\u00e7\u00e3o permite total rastreabilidade e controlo de lotes, gerir eficazmente toda a informa\u00e7\u00e3o dos lotes desde as mat\u00e9rias primas utilizadas at\u00e9 datas de validade e n\u00fameros de s\u00e9rie p.ex., c\u00e1lculo de custos de produ\u00e7\u00e3o dos produtos, detetar poss\u00edveis problemas ou atrasos na sua cadeia de abastecimento de mercadorias e mat\u00e9rias-primas, gest\u00e3o eficaz de embalagens retorn\u00e1veis, blanket order management, gerir a cota\u00e7\u00e3o das mat\u00e9rias-primas permitindo compr\u00e1-las ao melhor pre\u00e7o poss\u00edvel, entre outros.<\/li>\n<\/ul>\n<p>[\/vc_toggle][vc_toggle title=&#8221;Ficha de Projecto \u2013 Internacionaliza\u00e7\u00e3o (LISBOA-02-0752-FEDER-021364)&#8221; css_animation=&#8221;fadeIn&#8221;]<\/p>\n<div class=\"fusion-toggle-heading\">\n<p><strong>Designa\u00e7\u00e3o do projeto:<\/strong>\u00a0INTERNACIONALIZA\u00c7\u00c3O EDOL<br \/>\n<strong>C\u00f3digo do projeto:<\/strong>\u00a0LISBOA-02-0752-FEDER-021364<br \/>\n<strong>Objetivo principal:<\/strong>\u00a0Dotar a empresa de maiores capacidades para intensificar a sua presen\u00e7a nos mercados externos.\u00a0Refor\u00e7ar a competitividade das pequenas e m\u00e9dias empresas<br \/>\n<strong>Regi\u00e3o de interven\u00e7\u00e3o:<\/strong>\u00a0Carnaxide \u2013 Lisboa<br \/>\n<strong>Entidade benefici\u00e1ria:<\/strong>\u00a0LABORAT\u00d3RIO EDOL, Produtos Farmac\u00eauticos S.A.<\/p>\n<p><strong>Data de aprova\u00e7\u00e3o:<\/strong>\u00a002-11-2016<br \/>\n<strong>Data de in\u00edcio:<\/strong>\u00a001-07-2016<br \/>\n<strong>Data de conclus\u00e3o:<\/strong>\u00a030-06-2018<br \/>\n<strong>Custo total eleg\u00edvel:<\/strong>\u00a0231.959,38 EUR<br \/>\n<strong>Apoio financeiro da Uni\u00e3o Europeia:<\/strong>\u00a0FEDER \u2013 92.783,75 EUR<\/p>\n<p><strong>Objetivos, atividades e resultados esperados\/atingidos<\/strong><\/p>\n<p>Com o objetivo a internacionaliza\u00e7\u00e3o atrav\u00e9s da realiza\u00e7\u00e3o de um conjunto de investimentos que dotam a empresa de maiores capacidades para intensificar a sua presen\u00e7a nos mercados externos. Assim, o presente projeto de internacionaliza\u00e7\u00e3o enquadra-se nas seguintes tipologias:<\/p>\n<ul>\n<li>Presen\u00e7a na web, atrav\u00e9s da economia digital: servi\u00e7os de tradu\u00e7\u00e3o do website para as l\u00ednguas francesa, espanhola e \u00e1rabe;<\/li>\n<li>Desenvolvimento e promo\u00e7\u00e3o internacional de marcas (A\u00e7\u00f5es de promo\u00e7\u00e3o): est\u00e1 previsto o registo de marcas em alguns territ\u00f3rios (Tun\u00edsia, Arg\u00e9lia e Mo\u00e7ambique);<\/li>\n<li>Prospe\u00e7\u00e3o e presen\u00e7a em mercados internacionais (prospe\u00e7\u00e3o e capta\u00e7\u00e3o de novos clientes): realiza\u00e7\u00e3o de um conjunto de atividades de prospe\u00e7\u00e3o internacional objetivando alcan\u00e7ar contactos comerciais nos mercados alvo. Neste \u00e2mbito, o empresa pretende estar presente em algumas edi\u00e7\u00f5es da CPhI Worldwide, feira do setor farmac\u00eautico, como visitante.<\/li>\n<li>Marketing Internacional: realiza\u00e7\u00e3o de diversas campanhas de marketing nos mercados-alvos atrav\u00e9s da cria\u00e7\u00e3o de folhetos promocionais, brochuras, cat\u00e1logos, servi\u00e7os de mailing, entre outros.<\/li>\n<li>Introdu\u00e7\u00e3o de novo m\u00e9todo de organiza\u00e7\u00e3o nas pr\u00e1ticas comerciais ou nas rela\u00e7\u00f5es externas: contrata\u00e7\u00e3o de 2 novos RH a afetar ao departamento comercial e a aquisi\u00e7\u00e3o de servi\u00e7o de consultoria especializada para apoio ao projeto.<\/li>\n<\/ul>\n<\/div>\n<p>[\/vc_toggle][vc_toggle title=&#8221;Ficha de Projecto &#8211; Inova\u00e7\u00e3o Produtiva (LISBOA-02-0853-FEDER-023462)&#8221; css_animation=&#8221;fadeIn&#8221;]<\/p>\n<div class=\"fusion-toggle-heading\">\n<p><strong>Designa\u00e7\u00e3o do projeto:<\/strong>\u00a0Inova\u00e7\u00e3o Produtiva EDOL<br \/>\n<strong>C\u00f3digo do projeto:<\/strong>\u00a0LISBOA-02-0853-FEDER-023462<br \/>\n<strong>Objetivo principal:\u00a0<\/strong>Refor\u00e7ar a competitividade das pequenas e m\u00e9dias empresas.<br \/>\n<strong>Regi\u00e3o de interven\u00e7\u00e3o:\u00a0<\/strong>Carnaxide \u2013 Lisboa<br \/>\n<strong>Entidade benefici\u00e1ria:\u00a0<\/strong>LABORAT\u00d3RIO EDOL, Produtos Farmac\u00eauticos S.A.<\/p>\n<p><strong>Data de aprova\u00e7\u00e3o:\u00a0<\/strong>07-07-2017<br \/>\n<strong>Data de in\u00edcio:<\/strong>\u00a012-09-2017<strong><br \/>\nData de conclus\u00e3o:\u00a0<\/strong>11-09-2019<br \/>\n<strong>Custo total eleg\u00edvel:<\/strong>\u00a05.158.888,88 EUR<br \/>\n<strong>Apoio financeiro da Uni\u00e3o Europeia:\u00a0<\/strong>FEDER \u2013 2.063.555,55 EUR<\/p>\n<p><strong>Objetivos, atividades e resultados esperados\/atingidos<\/strong><\/p>\n<ul>\n<li>O Edol pretende com o presente projeto proceder \u00e0 implementa\u00e7\u00e3o de uma nova unidade produtiva, cujos par\u00e2metros e especifica\u00e7\u00f5es cumprem as normas GMPs (Good manufacturing practices), e que ser\u00e1 dotada da mais recente tecnologia. Esta nova unidade possibilitar\u00e1 a conce\u00e7\u00e3o de uma nova linha oft\u00e1lmica, que ir\u00e1 produzir todos os col\u00edrios existentes no portf\u00f3lio da empresa, com um incremento do seu estado de arte atual, sem conservantes. Esta inova\u00e7\u00e3o \u00e9 conseguida atrav\u00e9s do sistema OSD (Ophthalmic Squeeze Dispenser).<\/li>\n<li>Este sistema ir\u00e1 permitir a separa\u00e7\u00e3o do ambiente est\u00e9ril existente no interior do recipiente com o ambiente n\u00e3o est\u00e9ril externo, atrav\u00e9s da passagem do ar por membranas constru\u00eddas por filtros que permitem a filtra\u00e7\u00e3o do ar, bem como da solu\u00e7\u00e3o. Desta forma, ser\u00e1 poss\u00edvel a formula\u00e7\u00e3o de col\u00edrios sem conservantes.<\/li>\n<li>Para al\u00e9m da inova\u00e7\u00e3o associada \u00e0 produ\u00e7\u00e3o de col\u00edrios sem conservantes, este sistema distingue-se de outros sistemas pois permite a utiliza\u00e7\u00e3o de col\u00edrios de diferentes gamas de viscosidade, permitindo, independentemente da viscosidade associada ao col\u00edrio, que ocorra a forma\u00e7\u00e3o de uma gota de tamanho sempre constante. A produ\u00e7\u00e3o dos col\u00edrios nos frascos de OSD ir\u00e3o proporcionar uma inova\u00e7\u00e3o ao n\u00edvel do produto, na medida que ser\u00e1 incrementada a qualidade bem como uma nova caracter\u00edstica aos col\u00edrios j\u00e1 existentes no portf\u00f3lio da empresa.<\/li>\n<\/ul>\n<\/div>\n<p>[\/vc_toggle][vc_toggle title=&#8221;Ficha de Projecto \u2013 Qualifica\u00e7\u00e3o (LISBOA-02-0853-FEDER-041033)&#8221; css_animation=&#8221;fadeIn&#8221;]<\/p>\n<div class=\"fusion-toggle-heading\">\n<p><strong>Designa\u00e7\u00e3o do projeto:<\/strong>\u00a0Melhoria de processos produtivos para a nova f\u00e1brica<br \/>\n<strong>C\u00f3digo do projeto:<\/strong>\u00a0LISBOA-02-0853-FEDER-041033<br \/>\n<strong>Objetivo principal:<\/strong>\u00a0Refor\u00e7o das compet\u00eancias processuais, atrav\u00e9s da melhoria das capacidades laboratoriais para a investiga\u00e7\u00e3o e desenvolvimento (I&amp;D) de novos produtos, bem como a otimiza\u00e7\u00e3o de processos de produ\u00e7\u00e3o de produtos farmac\u00eauticos.<br \/>\n<strong>Regi\u00e3o de interven\u00e7\u00e3o:<\/strong>\u00a0Carnaxide \u2013 Lisboa<br \/>\n<strong>Entidade benefici\u00e1ria:<\/strong>\u00a0LABORAT\u00d3RIO EDOL, Produtos Farmac\u00eauticos S.A.<\/p>\n<p><strong>Data de aprova\u00e7\u00e3o:<\/strong>\u00a026-02-2019<br \/>\n<strong>Data de in\u00edcio:<\/strong>\u00a001-10-2018<br \/>\n<strong>Data de conclus\u00e3o:<\/strong>\u00a030-09-2020<br \/>\n<strong>Custo total eleg\u00edvel:<\/strong>\u00a0607.418,05 EUR<br \/>\n<strong>Apoio financeiro da Uni\u00e3o Europeia:<\/strong>\u00a0FEDER \u2013 242.967,22 EUR<\/p>\n<p><strong>Objetivos, atividades e resultados esperados\/atingidos<\/strong><\/p>\n<ul>\n<li>Este projeto dar\u00e1 resposta \u00e0s necessidades do Laborat\u00f3rio Edol proporcionando aos seus departamentos melhores e inovadoras ferramentas, possibilitando uma melhoria nos seus processos nomeadamente aumentar a capacidade para o desenvolvimento de novos produtos e, consequentemente, a introdu\u00e7\u00e3o de novos m\u00e9todos organizacionais e de gest\u00e3o;<\/li>\n<li>O presente projeto visa a realiza\u00e7\u00e3o de diversos investimentos associados a equipamentos de laborat\u00f3rio sofisticado, com um elevado grau de precis\u00e3o para reduzir desvios de produ\u00e7\u00e3o e aumentar o grau de qualidade do produto final tornando desta forma o promotor uma institui\u00e7\u00e3o mais disruptiva e competitiva, instituindo princ\u00edpios de sustentabilidade e efici\u00eancia. Desta forma, ser\u00e1 not\u00f3rio um aumento no que concerne \u00e0 qualidade, permitindo que o Edol se posicione ao mesmo n\u00edvel que outros grandes players do setor.<\/li>\n<\/ul>\n<\/div>\n<p>[\/vc_toggle][vc_toggle title=&#8221;Ficha de Projecto &#8211; Internacionaliza\u00e7\u00e3o (LISBOA-02-0752-FEDER-041797)&#8221; css_animation=&#8221;fadeIn&#8221;]<\/p>\n<div class=\"fusion-toggle-heading\">\n<p><strong>Designa\u00e7\u00e3o do projeto:<\/strong>\u00a0Expans\u00e3o Internacional do Laborat\u00f3rio EDOL 2018 \u2013 2020<br \/>\n<strong>C\u00f3digo do projeto:<\/strong>\u00a0LISBOA-02-0752-FEDER-041797<br \/>\n<strong>Objetivo principal:<\/strong>\u00a0Dotar a empresa de maiores capacidades para intensificar a sua presen\u00e7a nos mercados externos. Refor\u00e7ar a competitividade das pequenas e m\u00e9dias empresas.<br \/>\n<strong>Regi\u00e3o de interven\u00e7\u00e3o:<\/strong>\u00a0Carnaxide \u2013 Lisboa<br \/>\n<strong>Entidade benefici\u00e1ria:<\/strong>\u00a0LABORAT\u00d3RIO EDOL, Produtos Farmac\u00eauticos S.A.<\/p>\n<p><strong>Data de aprova\u00e7\u00e3o:<\/strong>\u00a011-03-2019<br \/>\n<strong>Data de in\u00edcio:<\/strong>\u00a001-11-2018<br \/>\n<strong>Data de conclus\u00e3o:<\/strong> 30-10-2021<br \/>\n<strong>Custo total eleg\u00edvel:<\/strong>\u00a0534.900,94 EUR<br \/>\n<strong>Apoio financeiro da Uni\u00e3o Europeia:<\/strong>\u00a0FEDER \u2013 213.960,38 EUR<\/p>\n<p><strong>Objetivos, atividades e resultados esperados\/atingidos<\/strong><\/p>\n<p>Com o objetivo a internacionaliza\u00e7\u00e3o atrav\u00e9s da realiza\u00e7\u00e3o de um conjunto de investimentos que dotam a empresa de maiores capacidades para intensificar a sua presen\u00e7a nos mercados externos. Assim, o presente projeto de internacionaliza\u00e7\u00e3o enquadra-se nas seguintes tipologias:<\/p>\n<ul>\n<li>Presen\u00e7a na web, atrav\u00e9s da economia digital: Ades\u00e3o a um Marketplace para a venda dos produtos da empresa em mercados internacionais;<\/li>\n<li>Desenvolvimento e promo\u00e7\u00e3o internacional de marcas: Registo e promo\u00e7\u00e3o dos produtos da empresa em diferentes pa\u00edses como R\u00fassia, Arg\u00e9lia e Mo\u00e7ambique;<\/li>\n<li>Prospe\u00e7\u00e3o e presen\u00e7a em mercados internacionais: realiza\u00e7\u00e3o de um conjunto de atividades de prospe\u00e7\u00e3o internacional;<\/li>\n<li>Marketing Internacional: realiza\u00e7\u00e3o de diversas campanhas de marketing nos mercados alvo;<\/li>\n<li>Introdu\u00e7\u00e3o de novo m\u00e9todo de organiza\u00e7\u00e3o: contrata\u00e7\u00e3o de 2 RH para o exerc\u00edcio de fun\u00e7\u00f5es no \u00e2mbito do processo de internacionaliza\u00e7\u00e3o do Laborat\u00f3rio Edol;<\/li>\n<li>Certifica\u00e7\u00f5es espec\u00edficas para mercados externos: Certifica\u00e7\u00f5es espec\u00edficas e registo dos produtos para os mercados-alvo.<\/li>\n<\/ul>\n<\/div>\n<p>[\/vc_toggle][vc_toggle title=&#8221;Ficha de Projecto \u2013 Inova\u00e7\u00e3o Produtiva COVID-19 (LISBOA-02-08B9-FEDER-063840)&#8221; css_animation=&#8221;fadeIn&#8221;]<\/p>\n<div class=\"fusion-toggle-heading\">\n<p><strong>Designa\u00e7\u00e3o do projeto<\/strong>\u00a0| Gel Desinfetante EDOL<br \/>\n<strong>C\u00f3digo do projeto<\/strong>\u00a0| LISBOA-02-08B9-FEDER-063840<\/p>\n<p><strong>Objetivo principal<\/strong>| Refor\u00e7ar a competitividade das PME<\/p>\n<p><strong>Regi\u00e3o de interven\u00e7\u00e3o<\/strong>\u00a0| Lisboa<\/p>\n<p><strong>Entidade benefici\u00e1ria<\/strong>\u00a0| Laborat\u00f3rio EDOL \u2013 Produtos Farmac\u00eauticos<\/p>\n<p><strong>Data de aprova\u00e7\u00e3o<\/strong>\u00a0| 10-10-2020<\/p>\n<p><strong>Data de in\u00edcio<\/strong>\u00a0| 15-06-2020<br \/>\n<strong>Data de conclus\u00e3o<\/strong>\u00a0| 04-12-2020<\/p>\n<p><strong>Custo total eleg\u00edvel<\/strong>\u00a0| 414.439,26 EUR<\/p>\n<p><strong>Apoio financeiro da Uni\u00e3o Europeia<\/strong>\u00a0| FEDER \u2013 331.551,41 EUR<\/p>\n<p>O presente projeto tem como objetivo a aquisi\u00e7\u00e3o de equipamentos que capacitem o Laborat\u00f3rio Edol para a produ\u00e7\u00e3o de Gel Desinfetante, produto desenvolvido pela empresa em resposta \u00e0 pandemia COVID-19, respondendo \u00e0s necessidades do mercado nacional e internacional.<\/p>\n<\/div>\n<p>[\/vc_toggle][\/vc_column_inner][\/vc_row_inner][\/vc_column][\/vc_row][vc_row full_width=&#8221;stretch_row&#8221; css=&#8221;.vc_custom_1616968789418{padding-top: 100px !important;padding-bottom: 100px !important;background-color: #f5f5f5 !important;}&#8221;][vc_column css=&#8221;.vc_custom_1540804453180{padding-right: 0px !important;}&#8221;][vc_row_inner css=&#8221;.vc_custom_1511348417220{padding-top: 100px !important;padding-bottom: 100px !important;}&#8221;][vc_column_inner width=&#8221;1\/4&#8243;][\/vc_column_inner][vc_column_inner width=&#8221;1\/2&#8243;]<header class=\"kd-section-title col-lg-12 text-center  kd-animated fadeIn   vc_custom_1616968896262\" data-animation-delay=200><h2 class=\"separator_off\" >Tem d\u00favidas?<\/h2><h6 class=\"subtitle \" >Se tem alguma quest\u00e3o que nos queira colocar, fale connosco.<\/h6><\/header><a  href=\"http:\/\/edol.pt\/en\/contacts\/\"  target=\"_self\"  title=\"Controle e Garantia da Qualidade\" class=\"tt_button tt_primary_button btn_primary_color  button-center button-action-link  kd-animated zoomIn\" data-animation-delay=200><span class=\"prim_text\">Contacte-nos<\/span><\/a>[vc_empty_space height=&#8221;25px&#8221;][\/vc_column_inner][vc_column_inner width=&#8221;1\/4&#8243;][\/vc_column_inner][\/vc_row_inner][\/vc_column][\/vc_row]<\/p>\n<\/div>","protected":false},"excerpt":{"rendered":"<p>[vc_row full_width=&#8221;stretch_row&#8221; kd_image_overlay_color=&#8221;rgba(0,0,0,0.5)&#8221; kd_image_overlay=&#8221;true&#8221; css=&#8221;.vc_custom_1615815258460{padding-top: 260px !important;padding-bottom: 200px !important;background-image: url(http:\/\/edol.pt\/wp-content\/uploads\/2021\/01\/edol-1.png?id=7552) !important;background-position: center !important;background-repeat: no-repeat !important;background-size: [&hellip;]<\/p>\n","protected":false},"author":1,"featured_media":0,"parent":0,"menu_order":0,"comment_status":"closed","ping_status":"closed","template":"","meta":{"footnotes":""},"class_list":["post-10847","page","type-page","status-publish","hentry"],"yoast_head":"<!-- This site is optimized with the Yoast SEO plugin v24.5 - https:\/\/yoast.com\/wordpress\/plugins\/seo\/ -->\n<title>Portugal2020 a great help in our projects.<\/title>\n<meta name=\"description\" content=\"Through Portugal2020 we have been able to develop projects within the Edol Laboratory towards a more digital future.\" \/>\n<meta name=\"robots\" content=\"index, follow, max-snippet:-1, max-image-preview:large, max-video-preview:-1\" \/>\n<link rel=\"canonical\" href=\"https:\/\/edol.pt\/en\/portugal2020\/\" \/>\n<meta property=\"og:locale\" content=\"en_US\" \/>\n<meta property=\"og:type\" content=\"article\" \/>\n<meta property=\"og:title\" content=\"Portugal2020 a great help in our projects.\" \/>\n<meta property=\"og:description\" content=\"Through Portugal2020 we have been able to develop projects within the Edol Laboratory towards a more digital future.\" \/>\n<meta property=\"og:url\" content=\"https:\/\/edol.pt\/en\/portugal2020\/\" \/>\n<meta property=\"og:site_name\" content=\"Edol\" \/>\n<meta property=\"article:publisher\" content=\"https:\/\/www.facebook.com\/laboratorioedol\/\" \/>\n<meta property=\"article:modified_time\" content=\"2023-06-01T11:53:51+00:00\" \/>\n<meta property=\"og:image\" content=\"https:\/\/edol.pt\/wp-content\/uploads\/2021\/03\/logo-edol-2007.png\" \/>\n\t<meta property=\"og:image:width\" content=\"3759\" \/>\n\t<meta property=\"og:image:height\" content=\"2500\" \/>\n\t<meta property=\"og:image:type\" content=\"image\/png\" \/>\n<meta name=\"twitter:card\" content=\"summary_large_image\" \/>\n<meta name=\"twitter:label1\" content=\"Est. reading time\" \/>\n\t<meta name=\"twitter:data1\" content=\"7 minutes\" \/>\n<script type=\"application\/ld+json\" class=\"yoast-schema-graph\">{\"@context\":\"https:\/\/schema.org\",\"@graph\":[{\"@type\":\"WebPage\",\"@id\":\"https:\/\/edol.pt\/en\/portugal2020\/\",\"url\":\"https:\/\/edol.pt\/en\/portugal2020\/\",\"name\":\"Portugal2020 a great help in our projects.\",\"isPartOf\":{\"@id\":\"https:\/\/edol.pt\/en\/#website\"},\"datePublished\":\"2021-03-09T22:54:48+00:00\",\"dateModified\":\"2023-06-01T11:53:51+00:00\",\"description\":\"Through Portugal2020 we have been able to develop projects within the Edol Laboratory towards a more digital future.\",\"breadcrumb\":{\"@id\":\"https:\/\/edol.pt\/en\/portugal2020\/#breadcrumb\"},\"inLanguage\":\"en-US\",\"potentialAction\":[{\"@type\":\"ReadAction\",\"target\":[\"https:\/\/edol.pt\/en\/portugal2020\/\"]}]},{\"@type\":\"BreadcrumbList\",\"@id\":\"https:\/\/edol.pt\/en\/portugal2020\/#breadcrumb\",\"itemListElement\":[{\"@type\":\"ListItem\",\"position\":1,\"name\":\"In\u00edcio\",\"item\":\"https:\/\/edol.pt\/en\/\"},{\"@type\":\"ListItem\",\"position\":2,\"name\":\"Portugal 2020\"}]},{\"@type\":\"WebSite\",\"@id\":\"https:\/\/edol.pt\/en\/#website\",\"url\":\"https:\/\/edol.pt\/en\/\",\"name\":\"Edol\",\"description\":\"Sa\u00fade que se v\u00ea\",\"publisher\":{\"@id\":\"https:\/\/edol.pt\/en\/#organization\"},\"potentialAction\":[{\"@type\":\"SearchAction\",\"target\":{\"@type\":\"EntryPoint\",\"urlTemplate\":\"https:\/\/edol.pt\/en\/?s={search_term_string}\"},\"query-input\":{\"@type\":\"PropertyValueSpecification\",\"valueRequired\":true,\"valueName\":\"search_term_string\"}}],\"inLanguage\":\"en-US\"},{\"@type\":\"Organization\",\"@id\":\"https:\/\/edol.pt\/en\/#organization\",\"name\":\"Laborat\u00f3rio Edol\",\"url\":\"https:\/\/edol.pt\/en\/\",\"logo\":{\"@type\":\"ImageObject\",\"inLanguage\":\"en-US\",\"@id\":\"https:\/\/edol.pt\/en\/#\/schema\/logo\/image\/\",\"url\":\"https:\/\/edol.pt\/wp-content\/uploads\/2021\/04\/edol_logo.svg\",\"contentUrl\":\"https:\/\/edol.pt\/wp-content\/uploads\/2021\/04\/edol_logo.svg\",\"width\":1,\"height\":1,\"caption\":\"Laborat\u00f3rio Edol\"},\"image\":{\"@id\":\"https:\/\/edol.pt\/en\/#\/schema\/logo\/image\/\"},\"sameAs\":[\"https:\/\/www.facebook.com\/laboratorioedol\/\",\"https:\/\/www.linkedin.com\/company\/edol\/about\/\"]}]}<\/script>\n<!-- \/ Yoast SEO plugin. -->","yoast_head_json":{"title":"Portugal2020 a great help in our projects.","description":"Through Portugal2020 we have been able to develop projects within the Edol Laboratory towards a more digital future.","robots":{"index":"index","follow":"follow","max-snippet":"max-snippet:-1","max-image-preview":"max-image-preview:large","max-video-preview":"max-video-preview:-1"},"canonical":"https:\/\/edol.pt\/en\/portugal2020\/","og_locale":"en_US","og_type":"article","og_title":"Portugal2020 a great help in our projects.","og_description":"Through Portugal2020 we have been able to develop projects within the Edol Laboratory towards a more digital future.","og_url":"https:\/\/edol.pt\/en\/portugal2020\/","og_site_name":"Edol","article_publisher":"https:\/\/www.facebook.com\/laboratorioedol\/","article_modified_time":"2023-06-01T11:53:51+00:00","og_image":[{"width":3759,"height":2500,"url":"https:\/\/edol.pt\/wp-content\/uploads\/2021\/03\/logo-edol-2007.png","type":"image\/png"}],"twitter_card":"summary_large_image","twitter_misc":{"Est. reading time":"7 minutes"},"schema":{"@context":"https:\/\/schema.org","@graph":[{"@type":"WebPage","@id":"https:\/\/edol.pt\/en\/portugal2020\/","url":"https:\/\/edol.pt\/en\/portugal2020\/","name":"Portugal2020 a great help in our projects.","isPartOf":{"@id":"https:\/\/edol.pt\/en\/#website"},"datePublished":"2021-03-09T22:54:48+00:00","dateModified":"2023-06-01T11:53:51+00:00","description":"Through Portugal2020 we have been able to develop projects within the Edol Laboratory towards a more digital future.","breadcrumb":{"@id":"https:\/\/edol.pt\/en\/portugal2020\/#breadcrumb"},"inLanguage":"en-US","potentialAction":[{"@type":"ReadAction","target":["https:\/\/edol.pt\/en\/portugal2020\/"]}]},{"@type":"BreadcrumbList","@id":"https:\/\/edol.pt\/en\/portugal2020\/#breadcrumb","itemListElement":[{"@type":"ListItem","position":1,"name":"In\u00edcio","item":"https:\/\/edol.pt\/en\/"},{"@type":"ListItem","position":2,"name":"Portugal 2020"}]},{"@type":"WebSite","@id":"https:\/\/edol.pt\/en\/#website","url":"https:\/\/edol.pt\/en\/","name":"Edol","description":"Sa\u00fade que se v\u00ea","publisher":{"@id":"https:\/\/edol.pt\/en\/#organization"},"potentialAction":[{"@type":"SearchAction","target":{"@type":"EntryPoint","urlTemplate":"https:\/\/edol.pt\/en\/?s={search_term_string}"},"query-input":{"@type":"PropertyValueSpecification","valueRequired":true,"valueName":"search_term_string"}}],"inLanguage":"en-US"},{"@type":"Organization","@id":"https:\/\/edol.pt\/en\/#organization","name":"Laborat\u00f3rio Edol","url":"https:\/\/edol.pt\/en\/","logo":{"@type":"ImageObject","inLanguage":"en-US","@id":"https:\/\/edol.pt\/en\/#\/schema\/logo\/image\/","url":"https:\/\/edol.pt\/wp-content\/uploads\/2021\/04\/edol_logo.svg","contentUrl":"https:\/\/edol.pt\/wp-content\/uploads\/2021\/04\/edol_logo.svg","width":1,"height":1,"caption":"Laborat\u00f3rio Edol"},"image":{"@id":"https:\/\/edol.pt\/en\/#\/schema\/logo\/image\/"},"sameAs":["https:\/\/www.facebook.com\/laboratorioedol\/","https:\/\/www.linkedin.com\/company\/edol\/about\/"]}]}},"_links":{"self":[{"href":"https:\/\/edol.pt\/en\/wp-json\/wp\/v2\/pages\/10847","targetHints":{"allow":["GET"]}}],"collection":[{"href":"https:\/\/edol.pt\/en\/wp-json\/wp\/v2\/pages"}],"about":[{"href":"https:\/\/edol.pt\/en\/wp-json\/wp\/v2\/types\/page"}],"author":[{"embeddable":true,"href":"https:\/\/edol.pt\/en\/wp-json\/wp\/v2\/users\/1"}],"replies":[{"embeddable":true,"href":"https:\/\/edol.pt\/en\/wp-json\/wp\/v2\/comments?post=10847"}],"version-history":[{"count":0,"href":"https:\/\/edol.pt\/en\/wp-json\/wp\/v2\/pages\/10847\/revisions"}],"wp:attachment":[{"href":"https:\/\/edol.pt\/en\/wp-json\/wp\/v2\/media?parent=10847"}],"curies":[{"name":"wp","href":"https:\/\/api.w.org\/{rel}","templated":true}]}}