{"id":10843,"date":"2021-03-09T22:41:44","date_gmt":"2021-03-09T22:41:44","guid":{"rendered":"https:\/\/edol.pt\/protocolos-e-parcerias-internacionais\/"},"modified":"2023-10-23T21:17:56","modified_gmt":"2023-10-23T21:17:56","slug":"protocols-and-international-partnerships","status":"publish","type":"page","link":"https:\/\/edol.pt\/en\/protocols-and-international-partnerships\/","title":{"rendered":"Protocols and International Partnerships"},"content":{"rendered":"<div class=\"wpb-content-wrapper\"><p>[vc_row full_width=&#8221;stretch_row&#8221; kd_image_overlay_color=&#8221;rgba(0,0,0,0.5)&#8221; kd_image_overlay=&#8221;true&#8221; css=&#8221;.vc_custom_1615815228044{padding-top: 260px !important;padding-bottom: 200px !important;background-image: url(http:\/\/edol.pt\/wp-content\/uploads\/2021\/01\/edol-1.png?id=7552) !important;background-position: center !important;background-repeat: no-repeat !important;background-size: cover !important;}&#8221;][vc_column css=&#8221;.vc_custom_1513003956648{padding-top: 0px !important;}&#8221;][vc_row_inner][vc_column_inner width=&#8221;1\/6&#8243; css=&#8221;.vc_custom_1513004658055{padding-top: 50px !important;padding-left: 0px !important;}&#8221;][\/vc_column_inner][vc_column_inner width=&#8221;2\/3&#8243; css=&#8221;.vc_custom_1513008591637{padding-right: 0px !important;padding-left: 0px !important;}&#8221;]<header class=\"kd-section-title col-lg-12 text-center  kd-animated fadeIn  \" data-animation-delay=200><h1 class=\"separator_off\" style=\"color: #ffffff;font-size: 60px;\">Protocols and International Partnerships<\/h1><\/header>[\/vc_column_inner][vc_column_inner width=&#8221;1\/6&#8243;][\/vc_column_inner][\/vc_row_inner][\/vc_column][\/vc_row][vc_row full_width=&#8221;stretch_row&#8221;][vc_column][vc_row_inner css=&#8221;.vc_custom_1511348417220{padding-top: 100px !important;padding-bottom: 100px !important;}&#8221;][vc_column_inner width=&#8221;1\/2&#8243;][vc_column_text]<\/p>\n<p class=\"p1\">A careful selection of our partners is fundamental to guarantee the quality of the products we develop.<\/p>\n<p class=\"p1\">It is in this sense that we establish protocols and partnerships with entities of recognized merit and scientific prestige, in order to accompany the development and innovation of new products.<\/p>\n<p class=\"p2\">Faculty of Medical Societies (Sociedades M\u00e9dicas)<br \/>\nUniversity of Lisbon Faculty of Pharmacy (Faculdade de Farm\u00e1cia da Universidade de Lisboa)<br \/>\nUniversity of Coimbra Faculty of Medicine (Faculdade de Medicina da Universidade de Coimbra)<br \/>\nAgency for Innovation Association for Biomedical Research and Innovation in Light and Image (Ag\u00eancia de Inova\u00e7\u00e3o Associa\u00e7\u00e3o para a Investiga\u00e7\u00e3o Biom\u00e9dica e Inova\u00e7\u00e3o em Luz e Imagem<br \/>\nApifarma) (AIBILI)<br \/>\nPharmaPortugal<br \/>\nHealth Cluster Portugal &#8211; Laborat\u00f3rio de Ensaios Farmac\u00eauticos (LEF)<\/p>\n<p>[\/vc_column_text][\/vc_column_inner][vc_column_inner width=&#8221;1\/2&#8243;]<header class=\"kd-section-title col-lg-12 text-left    \" ><h2 class=\"separator_off\" style=\"font-size: 22;\">Contact us for a partnership<\/h2><\/header><div class=\"kd-contact-form full-width-cf\" >\n<div class=\"wpcf7 no-js\" id=\"wpcf7-f11023-o1\" lang=\"pt-PT\" dir=\"ltr\" data-wpcf7-id=\"11023\">\n<div class=\"screen-reader-response\"><p role=\"status\" aria-live=\"polite\" aria-atomic=\"true\"><\/p> <ul><\/ul><\/div>\n<form action=\"\/en\/wp-json\/wp\/v2\/pages\/10843#wpcf7-f11023-o1\" method=\"post\" class=\"wpcf7-form init wpcf7-acceptance-as-validation\" aria-label=\"Formul\u00e1rio de contacto\" novalidate=\"novalidate\" data-status=\"init\">\n<div style=\"display: none;\">\n<input type=\"hidden\" name=\"_wpcf7\" value=\"11023\" \/>\n<input type=\"hidden\" name=\"_wpcf7_version\" value=\"6.0.4\" \/>\n<input type=\"hidden\" name=\"_wpcf7_locale\" value=\"pt_PT\" \/>\n<input type=\"hidden\" name=\"_wpcf7_unit_tag\" value=\"wpcf7-f11023-o1\" \/>\n<input type=\"hidden\" name=\"_wpcf7_container_post\" value=\"0\" \/>\n<input type=\"hidden\" name=\"_wpcf7_posted_data_hash\" value=\"\" \/>\n<input type=\"hidden\" name=\"_wpcf7_recaptcha_response\" value=\"\" \/>\n<\/div>\n<p><span class=\"wpcf7-form-control-wrap\" data-name=\"your-name\"><input size=\"40\" maxlength=\"400\" class=\"wpcf7-form-control wpcf7-text wpcf7-validates-as-required\" aria-required=\"true\" aria-invalid=\"false\" placeholder=\"Name\" value=\"\" type=\"text\" name=\"your-name\" \/><\/span><br \/>\n<span class=\"wpcf7-form-control-wrap\" data-name=\"your-email\"><input size=\"40\" maxlength=\"400\" class=\"wpcf7-form-control wpcf7-email wpcf7-validates-as-required wpcf7-text wpcf7-validates-as-email\" aria-required=\"true\" aria-invalid=\"false\" placeholder=\"Email\" value=\"\" type=\"email\" name=\"your-email\" \/><\/span><br \/>\n<span class=\"wpcf7-form-control-wrap\" data-name=\"your-message\"><textarea cols=\"40\" rows=\"10\" maxlength=\"2000\" class=\"wpcf7-form-control wpcf7-textarea\" aria-invalid=\"false\" placeholder=\"Message\" name=\"your-message\"><\/textarea><\/span><br \/>\n<label><br \/>\n<span class=\"wpcf7-form-control-wrap\" data-name=\"acceptance-737\"><span class=\"wpcf7-form-control wpcf7-acceptance\"><span class=\"wpcf7-list-item\"><label><input type=\"checkbox\" name=\"acceptance-737\" value=\"1\" aria-invalid=\"false\" \/><span class=\"wpcf7-list-item-label\">* I declare that I have read and accept the Privacy Policy of Laborat\u00f3rio Edol and give my express, specific, free, and unequivocal consent for the treatment of my data.<\/p><\/span><\/label><\/span><\/span><\/span><br \/>\n<\/label>\n<\/p>\n<p><input class=\"wpcf7-form-control wpcf7-submit has-spinner\" type=\"submit\" value=\"Send\" \/>\n<\/p><input type='hidden' class='wpcf7-pum' value='{\"closepopup\":false,\"closedelay\":0,\"openpopup\":false,\"openpopup_id\":0}' \/><div class=\"wpcf7-response-output\" aria-hidden=\"true\"><\/div>\n<\/form>\n<\/div>\n<\/div>[vc_empty_space height=&#8221;25px&#8221;][\/vc_column_inner][\/vc_row_inner][\/vc_column][\/vc_row][vc_row full_width=&#8221;stretch_row&#8221; css=&#8221;.vc_custom_1616969435689{padding-top: 20px !important;padding-bottom: 20px !important;background-color: #f5f5f5 !important;}&#8221;][vc_column css=&#8221;.vc_custom_1540804453180{padding-right: 0px !important;}&#8221;][vc_row_inner css=&#8221;.vc_custom_1511348417220{padding-top: 100px !important;padding-bottom: 100px !important;}&#8221;][vc_column_inner width=&#8221;1\/4&#8243;][\/vc_column_inner][vc_column_inner width=&#8221;1\/2&#8243;]<header class=\"kd-section-title col-lg-12 text-center  kd-animated fadeIn   vc_custom_1628695542323\" data-animation-delay=200><h2 class=\"separator_off\" >Have any doubts?<\/h2><h6 class=\"subtitle \" >If you have any queries, talk to us.<\/h6><\/header><a  href=\"http:\/\/edol.pt\/contactos\/\"  target=\"_self\"  title=\"Controle e Garantia da Qualidade\" class=\"tt_button tt_primary_button btn_primary_color  button-center button-action-link  kd-animated zoomIn\" data-animation-delay=200><span class=\"prim_text\">Contact us<\/span><\/a>[vc_empty_space height=&#8221;25px&#8221;][\/vc_column_inner][vc_column_inner width=&#8221;1\/4&#8243;][\/vc_column_inner][\/vc_row_inner][\/vc_column][\/vc_row]<\/p>\n<\/div>","protected":false},"excerpt":{"rendered":"<p>[vc_row full_width=&#8221;stretch_row&#8221; kd_image_overlay_color=&#8221;rgba(0,0,0,0.5)&#8221; kd_image_overlay=&#8221;true&#8221; css=&#8221;.vc_custom_1615815228044{padding-top: 260px !important;padding-bottom: 200px !important;background-image: url(http:\/\/edol.pt\/wp-content\/uploads\/2021\/01\/edol-1.png?id=7552) !important;background-position: center !important;background-repeat: no-repeat !important;background-size: [&hellip;]<\/p>\n","protected":false},"author":1,"featured_media":0,"parent":0,"menu_order":0,"comment_status":"closed","ping_status":"closed","template":"","meta":{"footnotes":""},"class_list":["post-10843","page","type-page","status-publish","hentry"],"yoast_head":"<!-- This site is optimized with the Yoast SEO plugin v24.5 - https:\/\/yoast.com\/wordpress\/plugins\/seo\/ -->\n<title>Protocols and International Partnerships - Edol Laboratory - Know more<\/title>\n<meta name=\"description\" content=\"A careful selection of our partners is fundamental to guarantee the quality of the products we develop. Know more\" \/>\n<meta name=\"robots\" content=\"index, follow, max-snippet:-1, max-image-preview:large, max-video-preview:-1\" \/>\n<link rel=\"canonical\" href=\"https:\/\/edol.pt\/en\/protocols-and-international-partnerships\/\" \/>\n<meta property=\"og:locale\" content=\"en_US\" \/>\n<meta property=\"og:type\" content=\"article\" \/>\n<meta property=\"og:title\" content=\"Protocols and International Partnerships - Edol Laboratory - Know more\" \/>\n<meta property=\"og:description\" content=\"A careful selection of our partners is fundamental to guarantee the quality of the products we develop. Know more\" \/>\n<meta property=\"og:url\" content=\"https:\/\/edol.pt\/en\/protocols-and-international-partnerships\/\" \/>\n<meta property=\"og:site_name\" content=\"Edol\" \/>\n<meta property=\"article:publisher\" content=\"https:\/\/www.facebook.com\/laboratorioedol\/\" \/>\n<meta property=\"article:modified_time\" content=\"2023-10-23T21:17:56+00:00\" \/>\n<meta property=\"og:image\" content=\"https:\/\/edol.pt\/wp-content\/uploads\/2021\/03\/logo-edol-2007.png\" \/>\n\t<meta property=\"og:image:width\" content=\"3759\" \/>\n\t<meta property=\"og:image:height\" content=\"2500\" \/>\n\t<meta property=\"og:image:type\" content=\"image\/png\" \/>\n<meta name=\"twitter:card\" content=\"summary_large_image\" \/>\n<meta name=\"twitter:label1\" content=\"Est. reading time\" \/>\n\t<meta name=\"twitter:data1\" content=\"2 minutes\" \/>\n<script type=\"application\/ld+json\" class=\"yoast-schema-graph\">{\"@context\":\"https:\/\/schema.org\",\"@graph\":[{\"@type\":\"WebPage\",\"@id\":\"https:\/\/edol.pt\/en\/protocols-and-international-partnerships\/\",\"url\":\"https:\/\/edol.pt\/en\/protocols-and-international-partnerships\/\",\"name\":\"Protocols and International Partnerships - Edol Laboratory - Know more\",\"isPartOf\":{\"@id\":\"https:\/\/edol.pt\/en\/#website\"},\"datePublished\":\"2021-03-09T22:41:44+00:00\",\"dateModified\":\"2023-10-23T21:17:56+00:00\",\"description\":\"A careful selection of our partners is fundamental to guarantee the quality of the products we develop. Know more\",\"breadcrumb\":{\"@id\":\"https:\/\/edol.pt\/en\/protocols-and-international-partnerships\/#breadcrumb\"},\"inLanguage\":\"en-US\",\"potentialAction\":[{\"@type\":\"ReadAction\",\"target\":[\"https:\/\/edol.pt\/en\/protocols-and-international-partnerships\/\"]}]},{\"@type\":\"BreadcrumbList\",\"@id\":\"https:\/\/edol.pt\/en\/protocols-and-international-partnerships\/#breadcrumb\",\"itemListElement\":[{\"@type\":\"ListItem\",\"position\":1,\"name\":\"In\u00edcio\",\"item\":\"https:\/\/edol.pt\/en\/\"},{\"@type\":\"ListItem\",\"position\":2,\"name\":\"Protocols and International Partnerships\"}]},{\"@type\":\"WebSite\",\"@id\":\"https:\/\/edol.pt\/en\/#website\",\"url\":\"https:\/\/edol.pt\/en\/\",\"name\":\"Edol\",\"description\":\"Sa\u00fade que se v\u00ea\",\"publisher\":{\"@id\":\"https:\/\/edol.pt\/en\/#organization\"},\"potentialAction\":[{\"@type\":\"SearchAction\",\"target\":{\"@type\":\"EntryPoint\",\"urlTemplate\":\"https:\/\/edol.pt\/en\/?s={search_term_string}\"},\"query-input\":{\"@type\":\"PropertyValueSpecification\",\"valueRequired\":true,\"valueName\":\"search_term_string\"}}],\"inLanguage\":\"en-US\"},{\"@type\":\"Organization\",\"@id\":\"https:\/\/edol.pt\/en\/#organization\",\"name\":\"Laborat\u00f3rio Edol\",\"url\":\"https:\/\/edol.pt\/en\/\",\"logo\":{\"@type\":\"ImageObject\",\"inLanguage\":\"en-US\",\"@id\":\"https:\/\/edol.pt\/en\/#\/schema\/logo\/image\/\",\"url\":\"https:\/\/edol.pt\/wp-content\/uploads\/2021\/04\/edol_logo.svg\",\"contentUrl\":\"https:\/\/edol.pt\/wp-content\/uploads\/2021\/04\/edol_logo.svg\",\"width\":1,\"height\":1,\"caption\":\"Laborat\u00f3rio Edol\"},\"image\":{\"@id\":\"https:\/\/edol.pt\/en\/#\/schema\/logo\/image\/\"},\"sameAs\":[\"https:\/\/www.facebook.com\/laboratorioedol\/\",\"https:\/\/www.linkedin.com\/company\/edol\/about\/\"]}]}<\/script>\n<!-- \/ Yoast SEO plugin. -->","yoast_head_json":{"title":"Protocols and International Partnerships - Edol Laboratory - Know more","description":"A careful selection of our partners is fundamental to guarantee the quality of the products we develop. Know more","robots":{"index":"index","follow":"follow","max-snippet":"max-snippet:-1","max-image-preview":"max-image-preview:large","max-video-preview":"max-video-preview:-1"},"canonical":"https:\/\/edol.pt\/en\/protocols-and-international-partnerships\/","og_locale":"en_US","og_type":"article","og_title":"Protocols and International Partnerships - Edol Laboratory - Know more","og_description":"A careful selection of our partners is fundamental to guarantee the quality of the products we develop. Know more","og_url":"https:\/\/edol.pt\/en\/protocols-and-international-partnerships\/","og_site_name":"Edol","article_publisher":"https:\/\/www.facebook.com\/laboratorioedol\/","article_modified_time":"2023-10-23T21:17:56+00:00","og_image":[{"width":3759,"height":2500,"url":"https:\/\/edol.pt\/wp-content\/uploads\/2021\/03\/logo-edol-2007.png","type":"image\/png"}],"twitter_card":"summary_large_image","twitter_misc":{"Est. reading time":"2 minutes"},"schema":{"@context":"https:\/\/schema.org","@graph":[{"@type":"WebPage","@id":"https:\/\/edol.pt\/en\/protocols-and-international-partnerships\/","url":"https:\/\/edol.pt\/en\/protocols-and-international-partnerships\/","name":"Protocols and International Partnerships - Edol Laboratory - Know more","isPartOf":{"@id":"https:\/\/edol.pt\/en\/#website"},"datePublished":"2021-03-09T22:41:44+00:00","dateModified":"2023-10-23T21:17:56+00:00","description":"A careful selection of our partners is fundamental to guarantee the quality of the products we develop. Know more","breadcrumb":{"@id":"https:\/\/edol.pt\/en\/protocols-and-international-partnerships\/#breadcrumb"},"inLanguage":"en-US","potentialAction":[{"@type":"ReadAction","target":["https:\/\/edol.pt\/en\/protocols-and-international-partnerships\/"]}]},{"@type":"BreadcrumbList","@id":"https:\/\/edol.pt\/en\/protocols-and-international-partnerships\/#breadcrumb","itemListElement":[{"@type":"ListItem","position":1,"name":"In\u00edcio","item":"https:\/\/edol.pt\/en\/"},{"@type":"ListItem","position":2,"name":"Protocols and International Partnerships"}]},{"@type":"WebSite","@id":"https:\/\/edol.pt\/en\/#website","url":"https:\/\/edol.pt\/en\/","name":"Edol","description":"Sa\u00fade que se v\u00ea","publisher":{"@id":"https:\/\/edol.pt\/en\/#organization"},"potentialAction":[{"@type":"SearchAction","target":{"@type":"EntryPoint","urlTemplate":"https:\/\/edol.pt\/en\/?s={search_term_string}"},"query-input":{"@type":"PropertyValueSpecification","valueRequired":true,"valueName":"search_term_string"}}],"inLanguage":"en-US"},{"@type":"Organization","@id":"https:\/\/edol.pt\/en\/#organization","name":"Laborat\u00f3rio Edol","url":"https:\/\/edol.pt\/en\/","logo":{"@type":"ImageObject","inLanguage":"en-US","@id":"https:\/\/edol.pt\/en\/#\/schema\/logo\/image\/","url":"https:\/\/edol.pt\/wp-content\/uploads\/2021\/04\/edol_logo.svg","contentUrl":"https:\/\/edol.pt\/wp-content\/uploads\/2021\/04\/edol_logo.svg","width":1,"height":1,"caption":"Laborat\u00f3rio Edol"},"image":{"@id":"https:\/\/edol.pt\/en\/#\/schema\/logo\/image\/"},"sameAs":["https:\/\/www.facebook.com\/laboratorioedol\/","https:\/\/www.linkedin.com\/company\/edol\/about\/"]}]}},"_links":{"self":[{"href":"https:\/\/edol.pt\/en\/wp-json\/wp\/v2\/pages\/10843","targetHints":{"allow":["GET"]}}],"collection":[{"href":"https:\/\/edol.pt\/en\/wp-json\/wp\/v2\/pages"}],"about":[{"href":"https:\/\/edol.pt\/en\/wp-json\/wp\/v2\/types\/page"}],"author":[{"embeddable":true,"href":"https:\/\/edol.pt\/en\/wp-json\/wp\/v2\/users\/1"}],"replies":[{"embeddable":true,"href":"https:\/\/edol.pt\/en\/wp-json\/wp\/v2\/comments?post=10843"}],"version-history":[{"count":0,"href":"https:\/\/edol.pt\/en\/wp-json\/wp\/v2\/pages\/10843\/revisions"}],"wp:attachment":[{"href":"https:\/\/edol.pt\/en\/wp-json\/wp\/v2\/media?parent=10843"}],"curies":[{"name":"wp","href":"https:\/\/api.w.org\/{rel}","templated":true}]}}